{"id":13991,"date":"2025-10-09T09:50:23","date_gmt":"2025-10-09T09:50:23","guid":{"rendered":"http:\/\/hexexist.com\/product\/google-yazi-tiplerini-devre-disi-birakma-ve-kaldirma-gdpr-dsgvo-dostu\/"},"modified":"2025-10-09T09:50:23","modified_gmt":"2025-10-09T09:50:23","slug":"google-yazi-tiplerini-devre-disi-birakma-ve-kaldirma-gdpr-dsgvo-dostu","status":"publish","type":"product","link":"https:\/\/hexexist.com\/tr\/urun\/google-yazi-tiplerini-devre-disi-birakma-ve-kaldirma-gdpr-dsgvo-dostu\/","title":{"rendered":"Google Yaz\u0131 Tiplerini Devre D\u0131\u015f\u0131 B\u0131rakma ve Kald\u0131rma | GDPR &amp; DSGVO dostu"},"content":{"rendered":"<p>Temalar ve eklentiler taraf\u0131ndan y\u00fcklenen Google Yaz\u0131 Tiplerini devre d\u0131\u015f\u0131 b\u0131rakarak \u00f6n u\u00e7 performans\u0131n\u0131 art\u0131r\u0131n.<\/p>\n","protected":false},"excerpt":{"rendered":"<p>Temalar ve eklentiler taraf\u0131ndan y\u00fcklenen Google Yaz\u0131 Tiplerini devre d\u0131\u015f\u0131 b\u0131rakarak \u00f6n u\u00e7 performans\u0131n\u0131 art\u0131r\u0131n.<\/p>\n","protected":false},"featured_media":13188,"comment_status":"open","ping_status":"closed","template":"","meta":[],"product_brand":[],"product_cat":[1413],"product_tag":[2231,1462,2229,2233,1626],"class_list":{"0":"post-13991","1":"product","2":"type-product","3":"status-publish","4":"has-post-thumbnail","6":"product_cat-eklentiler","7":"product_tag-dsgvo-tr","8":"product_tag-gdpr-tr","9":"product_tag-google-yazi-tipleri","10":"product_tag-google-yazi-tiplerini-devre-disi-birakin","11":"product_tag-optimize-edin","13":"first","14":"instock","15":"downloadable","16":"virtual","17":"product-type-simple"},"_links":{"self":[{"href":"https:\/\/hexexist.com\/tr\/wp-json\/wp\/v2\/product\/13991","targetHints":{"allow":["GET"]}}],"collection":[{"href":"https:\/\/hexexist.com\/tr\/wp-json\/wp\/v2\/product"}],"about":[{"href":"https:\/\/hexexist.com\/tr\/wp-json\/wp\/v2\/types\/product"}],"replies":[{"embeddable":true,"href":"https:\/\/hexexist.com\/tr\/wp-json\/wp\/v2\/comments?post=13991"}],"wp:featuredmedia":[{"embeddable":true,"href":"https:\/\/hexexist.com\/tr\/wp-json\/wp\/v2\/media\/13188"}],"wp:attachment":[{"href":"https:\/\/hexexist.com\/tr\/wp-json\/wp\/v2\/media?parent=13991"}],"wp:term":[{"taxonomy":"product_brand","embeddable":true,"href":"https:\/\/hexexist.com\/tr\/wp-json\/wp\/v2\/product_brand?post=13991"},{"taxonomy":"product_cat","embeddable":true,"href":"https:\/\/hexexist.com\/tr\/wp-json\/wp\/v2\/product_cat?post=13991"},{"taxonomy":"product_tag","embeddable":true,"href":"https:\/\/hexexist.com\/tr\/wp-json\/wp\/v2\/product_tag?post=13991"}],"curies":[{"name":"wp","href":"https:\/\/api.w.org\/{rel}","templated":true}]}}