{"id":13992,"date":"2025-10-09T09:50:23","date_gmt":"2025-10-09T09:50:23","guid":{"rendered":"http:\/\/hexexist.com\/product\/menu-goruntusu-simgeler-kolaylasti\/"},"modified":"2025-10-09T09:50:23","modified_gmt":"2025-10-09T09:50:23","slug":"menu-goruntusu-simgeler-kolaylasti","status":"publish","type":"product","link":"https:\/\/hexexist.com\/tr\/urun\/menu-goruntusu-simgeler-kolaylasti\/","title":{"rendered":"Men\u00fc G\u00f6r\u00fcnt\u00fcs\u00fc, Simgeler kolayla\u015ft\u0131"},"content":{"rendered":"<p>Bir men\u00fc \u00f6\u011fesine kolayca resim veya simge ekleyin. Daha iyi bir web sitesi men\u00fcs\u00fc olu\u015fturmak. Resmin veya simgenin konumunu ve ayr\u0131ca boyutunu kontrol edin.  <\/p>\n","protected":false},"excerpt":{"rendered":"<p>Bir men\u00fc \u00f6\u011fesine kolayca resim veya simge ekleyin. Daha iyi bir web sitesi men\u00fcs\u00fc olu\u015fturmak. Resmin veya simgenin konumunu ve ayr\u0131ca boyutunu kontrol edin.<\/p>\n","protected":false},"featured_media":13192,"comment_status":"open","ping_status":"closed","template":"","meta":[],"product_brand":[],"product_cat":[1413],"product_tag":[1596,1686,1687,1530,1655],"class_list":{"0":"post-13992","1":"product","2":"type-product","3":"status-publish","4":"has-post-thumbnail","6":"product_cat-eklentiler","7":"product_tag-image-tr","8":"product_tag-menu-tr","9":"product_tag-nav-menusu","10":"product_tag-navigasyon","11":"product_tag-simgeler","13":"first","14":"instock","15":"downloadable","16":"virtual","17":"product-type-simple"},"_links":{"self":[{"href":"https:\/\/hexexist.com\/tr\/wp-json\/wp\/v2\/product\/13992","targetHints":{"allow":["GET"]}}],"collection":[{"href":"https:\/\/hexexist.com\/tr\/wp-json\/wp\/v2\/product"}],"about":[{"href":"https:\/\/hexexist.com\/tr\/wp-json\/wp\/v2\/types\/product"}],"replies":[{"embeddable":true,"href":"https:\/\/hexexist.com\/tr\/wp-json\/wp\/v2\/comments?post=13992"}],"wp:featuredmedia":[{"embeddable":true,"href":"https:\/\/hexexist.com\/tr\/wp-json\/wp\/v2\/media\/13192"}],"wp:attachment":[{"href":"https:\/\/hexexist.com\/tr\/wp-json\/wp\/v2\/media?parent=13992"}],"wp:term":[{"taxonomy":"product_brand","embeddable":true,"href":"https:\/\/hexexist.com\/tr\/wp-json\/wp\/v2\/product_brand?post=13992"},{"taxonomy":"product_cat","embeddable":true,"href":"https:\/\/hexexist.com\/tr\/wp-json\/wp\/v2\/product_cat?post=13992"},{"taxonomy":"product_tag","embeddable":true,"href":"https:\/\/hexexist.com\/tr\/wp-json\/wp\/v2\/product_tag?post=13992"}],"curies":[{"name":"wp","href":"https:\/\/api.w.org\/{rel}","templated":true}]}}