{"id":13993,"date":"2025-10-09T09:50:24","date_gmt":"2025-10-09T09:50:24","guid":{"rendered":"http:\/\/hexexist.com\/product\/woocommerce-icin-mercado-pago-odemeleri\/"},"modified":"2025-10-09T09:50:24","modified_gmt":"2025-10-09T09:50:24","slug":"woocommerce-icin-mercado-pago-odemeleri","status":"publish","type":"product","link":"https:\/\/hexexist.com\/tr\/urun\/woocommerce-icin-mercado-pago-odemeleri\/","title":{"rendered":"WooCommerce i\u00e7in Mercado Pago \u00f6demeleri"},"content":{"rendered":"<p>Resmi Mercado Pago eklentisi, \u00e7evrimi\u00e7i ma\u011fazan\u0131z i\u00e7in \u00f6demeleri i\u015flemenize olanak tan\u0131yarak kullan\u0131c\u0131lar\u0131n sat\u0131n alma i\u015flemlerini tercih ettikleri \u00f6deme y\u00f6ntemiyle tamamlamalar\u0131na olanak tan\u0131r.<\/p>\n","protected":false},"excerpt":{"rendered":"<p>Resmi Mercado Pago eklentisi, \u00e7evrimi\u00e7i ma\u011fazan\u0131z i\u00e7in \u00f6demeleri i\u015flemenize olanak tan\u0131yarak kullan\u0131c\u0131lar\u0131n sat\u0131n alma i\u015flemlerini tercih ettikleri \u00f6deme y\u00f6ntemiyle tamamlamalar\u0131na olanak tan\u0131r.<\/p>\n","protected":false},"featured_media":13200,"comment_status":"open","ping_status":"closed","template":"","meta":[],"product_brand":[],"product_cat":[1413],"product_tag":[1504,2234,1459],"class_list":{"0":"post-13993","1":"product","2":"type-product","3":"status-publish","4":"has-post-thumbnail","6":"product_cat-eklentiler","7":"product_tag-e-ticaret","8":"product_tag-mercadopago-tr","9":"product_tag-woocommerce-tr","11":"first","12":"instock","13":"downloadable","14":"virtual","15":"product-type-simple"},"_links":{"self":[{"href":"https:\/\/hexexist.com\/tr\/wp-json\/wp\/v2\/product\/13993","targetHints":{"allow":["GET"]}}],"collection":[{"href":"https:\/\/hexexist.com\/tr\/wp-json\/wp\/v2\/product"}],"about":[{"href":"https:\/\/hexexist.com\/tr\/wp-json\/wp\/v2\/types\/product"}],"replies":[{"embeddable":true,"href":"https:\/\/hexexist.com\/tr\/wp-json\/wp\/v2\/comments?post=13993"}],"wp:featuredmedia":[{"embeddable":true,"href":"https:\/\/hexexist.com\/tr\/wp-json\/wp\/v2\/media\/13200"}],"wp:attachment":[{"href":"https:\/\/hexexist.com\/tr\/wp-json\/wp\/v2\/media?parent=13993"}],"wp:term":[{"taxonomy":"product_brand","embeddable":true,"href":"https:\/\/hexexist.com\/tr\/wp-json\/wp\/v2\/product_brand?post=13993"},{"taxonomy":"product_cat","embeddable":true,"href":"https:\/\/hexexist.com\/tr\/wp-json\/wp\/v2\/product_cat?post=13993"},{"taxonomy":"product_tag","embeddable":true,"href":"https:\/\/hexexist.com\/tr\/wp-json\/wp\/v2\/product_tag?post=13993"}],"curies":[{"name":"wp","href":"https:\/\/api.w.org\/{rel}","templated":true}]}}