{"id":13994,"date":"2025-10-09T09:50:24","date_gmt":"2025-10-09T09:50:24","guid":{"rendered":"http:\/\/hexexist.com\/product\/modern-goruntu-formatlari\/"},"modified":"2025-10-09T09:50:24","modified_gmt":"2025-10-09T09:50:24","slug":"modern-goruntu-formatlari","status":"publish","type":"product","link":"https:\/\/hexexist.com\/tr\/urun\/modern-goruntu-formatlari\/","title":{"rendered":"Modern G\u00f6r\u00fcnt\u00fc Formatlar\u0131"},"content":{"rendered":"<p>Bu eklenti, WordPress uygulamas\u0131 i\u00e7indeki medya y\u00fcklemeleri i\u00e7in WebP ve AVIF deste\u011fi ekler. Varsay\u0131lan olarak, bar\u0131nd\u0131rma sunucusunda destekleniyorsa AVIF g\u00f6r\u00fcnt\u00fcleri olu\u015fturulacak, aksi takdirde \u00e7\u0131kt\u0131 format\u0131 olarak WebP kullan\u0131lacakt\u0131r. Her iki format da mevcut oldu\u011funda, \u00e7\u0131kt\u0131 format\u0131 Ayarlar &gt; Medya alt\u0131nda se\u00e7ilebilir. Modern g\u00f6r\u00fcnt\u00fcler yaln\u0131zca yeni y\u00fcklemeler i\u00e7in olu\u015fturulacakt\u0131r, \u00f6nceden var olan g\u00f6r\u00fcnt\u00fcler yaln\u0131zca g\u00f6r\u00fcnt\u00fcler yeniden olu\u015fturuldu\u011funda modern bir bi\u00e7ime d\u00f6n\u00fc\u015ft\u00fcr\u00fclecektir. G\u00f6r\u00fcnt\u00fcler Regenerate Thumbnails gibi bir eklenti ile veya WP-CLI \u00fczerinden wp media regenerate komutu ile yeniden olu\u015fturulabilir.    <\/p>\n","protected":false},"excerpt":{"rendered":"<p>Bu eklenti, WordPress uygulamas\u0131 i\u00e7indeki medya y\u00fcklemeleri i\u00e7in WebP ve AVIF deste\u011fi ekler. Varsay\u0131lan olarak, bar\u0131nd\u0131rma sunucusunda destekleniyorsa AVIF g\u00f6r\u00fcnt\u00fcleri olu\u015fturulacak, aksi takdirde \u00e7\u0131kt\u0131 format\u0131 olarak WebP kullan\u0131lacakt\u0131r. Her iki format da mevcut oldu\u011funda, \u00e7\u0131kt\u0131 format\u0131 Ayarlar &gt; Medya alt\u0131nda se\u00e7ilebilir. Modern g\u00f6r\u00fcnt\u00fcler yaln\u0131zca yeni y\u00fcklemeler i\u00e7in olu\u015fturulacakt\u0131r, \u00f6nceden var olan g\u00f6r\u00fcnt\u00fcler yaln\u0131zca g\u00f6r\u00fcnt\u00fcler yeniden [&hellip;]<\/p>\n","protected":false},"featured_media":13199,"comment_status":"open","ping_status":"closed","template":"","meta":[],"product_brand":[],"product_cat":[1413],"product_tag":[2235,1449,1469,2003],"class_list":{"0":"post-13994","1":"product","2":"type-product","3":"status-publish","4":"has-post-thumbnail","6":"product_cat-eklentiler","7":"product_tag-avif-tr","8":"product_tag-goruntuler","9":"product_tag-performans","10":"product_tag-webp-tr","12":"first","13":"instock","14":"downloadable","15":"virtual","16":"product-type-simple"},"_links":{"self":[{"href":"https:\/\/hexexist.com\/tr\/wp-json\/wp\/v2\/product\/13994","targetHints":{"allow":["GET"]}}],"collection":[{"href":"https:\/\/hexexist.com\/tr\/wp-json\/wp\/v2\/product"}],"about":[{"href":"https:\/\/hexexist.com\/tr\/wp-json\/wp\/v2\/types\/product"}],"replies":[{"embeddable":true,"href":"https:\/\/hexexist.com\/tr\/wp-json\/wp\/v2\/comments?post=13994"}],"wp:featuredmedia":[{"embeddable":true,"href":"https:\/\/hexexist.com\/tr\/wp-json\/wp\/v2\/media\/13199"}],"wp:attachment":[{"href":"https:\/\/hexexist.com\/tr\/wp-json\/wp\/v2\/media?parent=13994"}],"wp:term":[{"taxonomy":"product_brand","embeddable":true,"href":"https:\/\/hexexist.com\/tr\/wp-json\/wp\/v2\/product_brand?post=13994"},{"taxonomy":"product_cat","embeddable":true,"href":"https:\/\/hexexist.com\/tr\/wp-json\/wp\/v2\/product_cat?post=13994"},{"taxonomy":"product_tag","embeddable":true,"href":"https:\/\/hexexist.com\/tr\/wp-json\/wp\/v2\/product_tag?post=13994"}],"curies":[{"name":"wp","href":"https:\/\/api.w.org\/{rel}","templated":true}]}}