{"id":13995,"date":"2025-10-09T09:50:24","date_gmt":"2025-10-09T09:50:24","guid":{"rendered":"http:\/\/hexexist.com\/product\/relevanssi-daha-iyi-bir-arama\/"},"modified":"2025-10-09T09:50:24","modified_gmt":"2025-10-09T09:50:24","slug":"relevanssi-daha-iyi-bir-arama","status":"publish","type":"product","link":"https:\/\/hexexist.com\/tr\/urun\/relevanssi-daha-iyi-bir-arama\/","title":{"rendered":"Relevanssi Daha \u0130yi Bir Arama"},"content":{"rendered":"<p>Relevanssi, standart WordPress aramas\u0131n\u0131 bir\u00e7ok \u00f6zellik ve yap\u0131land\u0131r\u0131labilir se\u00e7enekle daha iyi bir arama motoruyla de\u011fi\u015ftirir. Daha iyi sonu\u00e7lar alacaks\u0131n\u0131z, sonu\u00e7lar\u0131n daha iyi sunumu kullan\u0131c\u0131lar\u0131n\u0131z size te\u015fekk\u00fcr edecek. <\/p>\n","protected":false},"excerpt":{"rendered":"<p>Relevanssi, standart WordPress aramas\u0131n\u0131 bir\u00e7ok \u00f6zellik ve yap\u0131land\u0131r\u0131labilir se\u00e7enekle daha iyi bir arama motoruyla de\u011fi\u015ftirir. Daha iyi sonu\u00e7lar alacaks\u0131n\u0131z, sonu\u00e7lar\u0131n daha iyi sunumu kullan\u0131c\u0131lar\u0131n\u0131z size te\u015fekk\u00fcr edecek.<\/p>\n","protected":false},"featured_media":13194,"comment_status":"open","ping_status":"closed","template":"","meta":[],"product_brand":[],"product_cat":[1413],"product_tag":[2236,1544,1572,1568,1570],"class_list":{"0":"post-13995","1":"product","2":"type-product","3":"status-publish","4":"has-post-thumbnail","6":"product_cat-eklentiler","7":"product_tag-alaka","8":"product_tag-arama","9":"product_tag-daha-iyi-arama","10":"product_tag-urun-arama","11":"product_tag-woocommerce-arama","13":"first","14":"instock","15":"downloadable","16":"virtual","17":"product-type-simple"},"_links":{"self":[{"href":"https:\/\/hexexist.com\/tr\/wp-json\/wp\/v2\/product\/13995","targetHints":{"allow":["GET"]}}],"collection":[{"href":"https:\/\/hexexist.com\/tr\/wp-json\/wp\/v2\/product"}],"about":[{"href":"https:\/\/hexexist.com\/tr\/wp-json\/wp\/v2\/types\/product"}],"replies":[{"embeddable":true,"href":"https:\/\/hexexist.com\/tr\/wp-json\/wp\/v2\/comments?post=13995"}],"wp:featuredmedia":[{"embeddable":true,"href":"https:\/\/hexexist.com\/tr\/wp-json\/wp\/v2\/media\/13194"}],"wp:attachment":[{"href":"https:\/\/hexexist.com\/tr\/wp-json\/wp\/v2\/media?parent=13995"}],"wp:term":[{"taxonomy":"product_brand","embeddable":true,"href":"https:\/\/hexexist.com\/tr\/wp-json\/wp\/v2\/product_brand?post=13995"},{"taxonomy":"product_cat","embeddable":true,"href":"https:\/\/hexexist.com\/tr\/wp-json\/wp\/v2\/product_cat?post=13995"},{"taxonomy":"product_tag","embeddable":true,"href":"https:\/\/hexexist.com\/tr\/wp-json\/wp\/v2\/product_tag?post=13995"}],"curies":[{"name":"wp","href":"https:\/\/api.w.org\/{rel}","templated":true}]}}