{"id":13996,"date":"2025-10-09T09:50:24","date_gmt":"2025-10-09T09:50:24","guid":{"rendered":"http:\/\/hexexist.com\/product\/sosyal-medya-paylasim-dugmeleri-sosyal-paylasim-simgeleri\/"},"modified":"2025-10-09T09:50:24","modified_gmt":"2025-10-09T09:50:24","slug":"sosyal-medya-paylasim-dugmeleri-sosyal-paylasim-simgeleri","status":"publish","type":"product","link":"https:\/\/hexexist.com\/tr\/urun\/sosyal-medya-paylasim-dugmeleri-sosyal-paylasim-simgeleri\/","title":{"rendered":"Sosyal Medya Payla\u015f\u0131m D\u00fc\u011fmeleri &amp; Sosyal Payla\u015f\u0131m Simgeleri"},"content":{"rendered":"<p>\u00dccretsiz kukla sitenizde deneyin: Buraya t\u0131klay\u0131n =&gt; https:\/\/tastewp.com\/plugins\/ultimate-social-media-icons (bu numara t\u00fcm eklentiler i\u00e7in \u00e7al\u0131\u015f\u0131r, sadece eklentinin WP repo URL&#8217;sinde ?wordpress ? yerine ?tastewp ? yaz\u0131n)<\/p>\n","protected":false},"excerpt":{"rendered":"<p>\u00dccretsiz kukla sitenizde deneyin: Buraya t\u0131klay\u0131n =&gt; https:\/\/tastewp.com\/plugins\/ultimate-social-media-icons (bu numara t\u00fcm eklentiler i\u00e7in \u00e7al\u0131\u015f\u0131r, sadece eklentinin WP repo URL&#8217;sinde ?wordpress ? yerine ?tastewp ? yaz\u0131n)<\/p>\n","protected":false},"featured_media":13198,"comment_status":"open","ping_status":"closed","template":"","meta":[],"product_brand":[],"product_cat":[1413],"product_tag":[1790,2237,1791,1882,1427],"class_list":{"0":"post-13996","1":"product","2":"type-product","3":"status-publish","4":"has-post-thumbnail","6":"product_cat-eklentiler","7":"product_tag-paylas","8":"product_tag-simgeleri-paylas","9":"product_tag-sosyal","10":"product_tag-sosyal-medya","11":"product_tag-widget-tr","13":"first","14":"instock","15":"downloadable","16":"virtual","17":"product-type-simple"},"_links":{"self":[{"href":"https:\/\/hexexist.com\/tr\/wp-json\/wp\/v2\/product\/13996","targetHints":{"allow":["GET"]}}],"collection":[{"href":"https:\/\/hexexist.com\/tr\/wp-json\/wp\/v2\/product"}],"about":[{"href":"https:\/\/hexexist.com\/tr\/wp-json\/wp\/v2\/types\/product"}],"replies":[{"embeddable":true,"href":"https:\/\/hexexist.com\/tr\/wp-json\/wp\/v2\/comments?post=13996"}],"wp:featuredmedia":[{"embeddable":true,"href":"https:\/\/hexexist.com\/tr\/wp-json\/wp\/v2\/media\/13198"}],"wp:attachment":[{"href":"https:\/\/hexexist.com\/tr\/wp-json\/wp\/v2\/media?parent=13996"}],"wp:term":[{"taxonomy":"product_brand","embeddable":true,"href":"https:\/\/hexexist.com\/tr\/wp-json\/wp\/v2\/product_brand?post=13996"},{"taxonomy":"product_cat","embeddable":true,"href":"https:\/\/hexexist.com\/tr\/wp-json\/wp\/v2\/product_cat?post=13996"},{"taxonomy":"product_tag","embeddable":true,"href":"https:\/\/hexexist.com\/tr\/wp-json\/wp\/v2\/product_tag?post=13996"}],"curies":[{"name":"wp","href":"https:\/\/api.w.org\/{rel}","templated":true}]}}