{"id":13997,"date":"2025-10-09T09:50:25","date_gmt":"2025-10-09T09:50:25","guid":{"rendered":"http:\/\/hexexist.com\/product\/captcha-4wp-wordpress-icin-antispam-captcha-cozumu\/"},"modified":"2025-10-09T09:50:25","modified_gmt":"2025-10-09T09:50:25","slug":"captcha-4wp-wordpress-icin-antispam-captcha-cozumu","status":"publish","type":"product","link":"https:\/\/hexexist.com\/tr\/urun\/captcha-4wp-wordpress-icin-antispam-captcha-cozumu\/","title":{"rendered":"CAPTCHA 4WP WordPress i\u00e7in Antispam CAPTCHA \u00e7\u00f6z\u00fcm\u00fc"},"content":{"rendered":"<p>CAPTCHA 4WP, WPKube taraf\u0131ndan sat\u0131n al\u0131nd\u0131. Daha fazla bilgi i\u00e7in duyuruyu okuyun. Melapress olarak, CAPTCHA 4WP&#8217;yi kullanan ve destekleyen herkese bu vesileyle te\u015fekk\u00fcr etmek istiyoruz.  <\/p>\n","protected":false},"excerpt":{"rendered":"<p>CAPTCHA 4WP, WPKube taraf\u0131ndan sat\u0131n al\u0131nd\u0131. Daha fazla bilgi i\u00e7in duyuruyu okuyun. Melapress olarak, CAPTCHA 4WP&#8217;yi kullanan ve destekleyen herkese bu vesileyle te\u015fekk\u00fcr etmek istiyoruz.<\/p>\n","protected":false},"featured_media":13207,"comment_status":"open","ping_status":"closed","template":"","meta":[],"product_brand":[],"product_cat":[1413],"product_tag":[2238,1545,1822,1823,1821],"class_list":{"0":"post-13997","1":"product","2":"type-product","3":"status-publish","4":"has-post-thumbnail","6":"product_cat-eklentiler","7":"product_tag-antispam-korumasi","8":"product_tag-captcha-tr","9":"product_tag-cloudflare-turnikesi","10":"product_tag-hcaptcha-tr","11":"product_tag-recaptcha-tr","13":"first","14":"instock","15":"downloadable","16":"virtual","17":"product-type-simple"},"_links":{"self":[{"href":"https:\/\/hexexist.com\/tr\/wp-json\/wp\/v2\/product\/13997","targetHints":{"allow":["GET"]}}],"collection":[{"href":"https:\/\/hexexist.com\/tr\/wp-json\/wp\/v2\/product"}],"about":[{"href":"https:\/\/hexexist.com\/tr\/wp-json\/wp\/v2\/types\/product"}],"replies":[{"embeddable":true,"href":"https:\/\/hexexist.com\/tr\/wp-json\/wp\/v2\/comments?post=13997"}],"wp:featuredmedia":[{"embeddable":true,"href":"https:\/\/hexexist.com\/tr\/wp-json\/wp\/v2\/media\/13207"}],"wp:attachment":[{"href":"https:\/\/hexexist.com\/tr\/wp-json\/wp\/v2\/media?parent=13997"}],"wp:term":[{"taxonomy":"product_brand","embeddable":true,"href":"https:\/\/hexexist.com\/tr\/wp-json\/wp\/v2\/product_brand?post=13997"},{"taxonomy":"product_cat","embeddable":true,"href":"https:\/\/hexexist.com\/tr\/wp-json\/wp\/v2\/product_cat?post=13997"},{"taxonomy":"product_tag","embeddable":true,"href":"https:\/\/hexexist.com\/tr\/wp-json\/wp\/v2\/product_tag?post=13997"}],"curies":[{"name":"wp","href":"https:\/\/api.w.org\/{rel}","templated":true}]}}