{"id":13998,"date":"2025-10-09T09:50:24","date_gmt":"2025-10-09T09:50:24","guid":{"rendered":"http:\/\/hexexist.com\/product\/meta-etiketleri-sosyal-onizleme-xml-site-haritasi-ve-sema-ile-surerank-seo-akilli-asistani\/"},"modified":"2025-10-09T09:50:24","modified_gmt":"2025-10-09T09:50:24","slug":"meta-etiketleri-sosyal-onizleme-xml-site-haritasi-ve-sema-ile-surerank-seo-akilli-asistani","status":"publish","type":"product","link":"https:\/\/hexexist.com\/tr\/urun\/meta-etiketleri-sosyal-onizleme-xml-site-haritasi-ve-sema-ile-surerank-seo-akilli-asistani\/","title":{"rendered":"Meta Etiketleri, Sosyal \u00d6nizleme, XML Site Haritas\u0131 ve \u015eema ile SureRank SEO Ak\u0131ll\u0131 Asistan\u0131"},"content":{"rendered":"<p>Arama ve sosyal \u00f6nizlemeleri y\u00f6netmek, XML site haritas\u0131 olu\u015fturmak, \u015fema i\u015faretlemesi eklemek ve i\u00e7eri\u011fi optimize etmek i\u00e7in g\u00fc\u00e7l\u00fc, hafif SEO eklentisi. <\/p>\n","protected":false},"excerpt":{"rendered":"<p>Arama ve sosyal \u00f6nizlemeleri y\u00f6netmek, XML site haritas\u0131 olu\u015fturmak, \u015fema i\u015faretlemesi eklemek ve i\u00e7eri\u011fi optimize etmek i\u00e7in g\u00fc\u00e7l\u00fc, hafif SEO eklentisi.<\/p>\n","protected":false},"featured_media":13197,"comment_status":"open","ping_status":"closed","template":"","meta":[],"product_brand":[],"product_cat":[1413],"product_tag":[2240,2171,1583,2244,2242],"class_list":{"0":"post-13998","1":"product","2":"type-product","3":"status-publish","4":"has-post-thumbnail","6":"product_cat-eklentiler","7":"product_tag-google-arama-konsolu","8":"product_tag-sema","9":"product_tag-seo-tr","10":"product_tag-wordpress-seo-tr","11":"product_tag-xml-site-haritasi","13":"first","14":"instock","15":"downloadable","16":"virtual","17":"product-type-simple"},"_links":{"self":[{"href":"https:\/\/hexexist.com\/tr\/wp-json\/wp\/v2\/product\/13998","targetHints":{"allow":["GET"]}}],"collection":[{"href":"https:\/\/hexexist.com\/tr\/wp-json\/wp\/v2\/product"}],"about":[{"href":"https:\/\/hexexist.com\/tr\/wp-json\/wp\/v2\/types\/product"}],"replies":[{"embeddable":true,"href":"https:\/\/hexexist.com\/tr\/wp-json\/wp\/v2\/comments?post=13998"}],"wp:featuredmedia":[{"embeddable":true,"href":"https:\/\/hexexist.com\/tr\/wp-json\/wp\/v2\/media\/13197"}],"wp:attachment":[{"href":"https:\/\/hexexist.com\/tr\/wp-json\/wp\/v2\/media?parent=13998"}],"wp:term":[{"taxonomy":"product_brand","embeddable":true,"href":"https:\/\/hexexist.com\/tr\/wp-json\/wp\/v2\/product_brand?post=13998"},{"taxonomy":"product_cat","embeddable":true,"href":"https:\/\/hexexist.com\/tr\/wp-json\/wp\/v2\/product_cat?post=13998"},{"taxonomy":"product_tag","embeddable":true,"href":"https:\/\/hexexist.com\/tr\/wp-json\/wp\/v2\/product_tag?post=13998"}],"curies":[{"name":"wp","href":"https:\/\/api.w.org\/{rel}","templated":true}]}}