{"id":13999,"date":"2025-10-09T09:50:25","date_gmt":"2025-10-09T09:50:25","guid":{"rendered":"http:\/\/hexexist.com\/product\/gelismis-reklam-yoneticisi-ve-adsense\/"},"modified":"2025-10-09T09:50:25","modified_gmt":"2025-10-09T09:50:25","slug":"gelismis-reklam-yoneticisi-ve-adsense","status":"publish","type":"product","link":"https:\/\/hexexist.com\/tr\/urun\/gelismis-reklam-yoneticisi-ve-adsense\/","title":{"rendered":"Geli\u015fmi\u015f Reklam Y\u00f6neticisi ve AdSense"},"content":{"rendered":"<p>Advanced Ads, mevcut en kapsaml\u0131 reklam y\u00f6netim arac\u0131d\u0131r. Binlerce \u015firket ve i\u015fletmenin g\u00fcvendi\u011fi, kullan\u0131m kolayl\u0131\u011f\u0131 ve g\u00fc\u00e7l\u00fc \u00f6zellikler aras\u0131nda m\u00fckemmel bir denge kurar. <\/p>\n","protected":false},"excerpt":{"rendered":"<p>Advanced Ads, mevcut en kapsaml\u0131 reklam y\u00f6netim arac\u0131d\u0131r. Binlerce \u015firket ve i\u015fletmenin g\u00fcvendi\u011fi, kullan\u0131m kolayl\u0131\u011f\u0131 ve g\u00fc\u00e7l\u00fc \u00f6zellikler aras\u0131nda m\u00fckemmel bir denge kurar.<\/p>\n","protected":false},"featured_media":13206,"comment_status":"open","ping_status":"closed","template":"","meta":[],"product_brand":[],"product_cat":[1413],"product_tag":[2239,2241,2243,2161,1958],"class_list":{"0":"post-13999","1":"product","2":"type-product","3":"status-publish","4":"has-post-thumbnail","6":"product_cat-eklentiler","7":"product_tag-adsense-tr","8":"product_tag-amazon-tr","9":"product_tag-bagli-kurulus","10":"product_tag-reklam-muduru","11":"product_tag-reklamlar","13":"first","14":"instock","15":"downloadable","16":"virtual","17":"product-type-simple"},"_links":{"self":[{"href":"https:\/\/hexexist.com\/tr\/wp-json\/wp\/v2\/product\/13999","targetHints":{"allow":["GET"]}}],"collection":[{"href":"https:\/\/hexexist.com\/tr\/wp-json\/wp\/v2\/product"}],"about":[{"href":"https:\/\/hexexist.com\/tr\/wp-json\/wp\/v2\/types\/product"}],"replies":[{"embeddable":true,"href":"https:\/\/hexexist.com\/tr\/wp-json\/wp\/v2\/comments?post=13999"}],"wp:featuredmedia":[{"embeddable":true,"href":"https:\/\/hexexist.com\/tr\/wp-json\/wp\/v2\/media\/13206"}],"wp:attachment":[{"href":"https:\/\/hexexist.com\/tr\/wp-json\/wp\/v2\/media?parent=13999"}],"wp:term":[{"taxonomy":"product_brand","embeddable":true,"href":"https:\/\/hexexist.com\/tr\/wp-json\/wp\/v2\/product_brand?post=13999"},{"taxonomy":"product_cat","embeddable":true,"href":"https:\/\/hexexist.com\/tr\/wp-json\/wp\/v2\/product_cat?post=13999"},{"taxonomy":"product_tag","embeddable":true,"href":"https:\/\/hexexist.com\/tr\/wp-json\/wp\/v2\/product_tag?post=13999"}],"curies":[{"name":"wp","href":"https:\/\/api.w.org\/{rel}","templated":true}]}}