{"id":14000,"date":"2025-10-09T09:50:25","date_gmt":"2025-10-09T09:50:25","guid":{"rendered":"http:\/\/hexexist.com\/product\/gelismis-erisim-yoneticisi-kisitli-icerik-kullanicilar-ve-roller-gelismis-guvenlik-ve-daha-fazlasi\/"},"modified":"2025-10-09T09:50:25","modified_gmt":"2025-10-09T09:50:25","slug":"gelismis-erisim-yoneticisi-kisitli-icerik-kullanicilar-ve-roller-gelismis-guvenlik-ve-daha-fazlasi","status":"publish","type":"product","link":"https:\/\/hexexist.com\/tr\/urun\/gelismis-erisim-yoneticisi-kisitli-icerik-kullanicilar-ve-roller-gelismis-guvenlik-ve-daha-fazlasi\/","title":{"rendered":"Geli\u015fmi\u015f Eri\u015fim Y\u00f6neticisi K\u0131s\u0131tl\u0131 \u0130\u00e7erik, Kullan\u0131c\u0131lar ve Roller, Geli\u015fmi\u015f G\u00fcvenlik ve Daha Fazlas\u0131"},"content":{"rendered":"<p>\u00c7o\u011fu g\u00fcvenlik eklentisi k\u00f6t\u00fc ama\u00e7l\u0131 yaz\u0131l\u0131m veya kaba kuvvet sald\u0131r\u0131lar\u0131 gibi harici tehditlere kar\u015f\u0131 koruma sa\u011flar, peki ya dahili riskler? AAM, WordPress&#8217;in \u00f6nde gelen g\u00fcvenlik a\u00e7\u0131klar\u0131 olan yetkisiz eri\u015fim, ayr\u0131cal\u0131k y\u00fckseltme ve bozuk eri\u015fim kontrollerini \u00f6nleyerek sitenizi i\u00e7eriden korur.  <\/p>\n","protected":false},"excerpt":{"rendered":"<p>\u00c7o\u011fu g\u00fcvenlik eklentisi k\u00f6t\u00fc ama\u00e7l\u0131 yaz\u0131l\u0131m veya kaba kuvvet sald\u0131r\u0131lar\u0131 gibi harici tehditlere kar\u015f\u0131 koruma sa\u011flar, peki ya dahili riskler? AAM, WordPress&#8217;in \u00f6nde gelen g\u00fcvenlik a\u00e7\u0131klar\u0131 olan yetkisiz eri\u015fim, ayr\u0131cal\u0131k y\u00fckseltme ve bozuk eri\u015fim kontrollerini \u00f6nleyerek sitenizi i\u00e7eriden korur.<\/p>\n","protected":false},"featured_media":13205,"comment_status":"open","ping_status":"closed","template":"","meta":[],"product_brand":[],"product_cat":[1413],"product_tag":[2246,1455,2248,1913],"class_list":{"0":"post-14000","1":"product","2":"type-product","3":"status-publish","4":"has-post-thumbnail","6":"product_cat-eklentiler","7":"product_tag-erisim-kontrolu","8":"product_tag-guvenlik","9":"product_tag-kisitli-icerik","10":"product_tag-kullanici-rolleri","12":"first","13":"instock","14":"downloadable","15":"virtual","16":"product-type-simple"},"_links":{"self":[{"href":"https:\/\/hexexist.com\/tr\/wp-json\/wp\/v2\/product\/14000","targetHints":{"allow":["GET"]}}],"collection":[{"href":"https:\/\/hexexist.com\/tr\/wp-json\/wp\/v2\/product"}],"about":[{"href":"https:\/\/hexexist.com\/tr\/wp-json\/wp\/v2\/types\/product"}],"replies":[{"embeddable":true,"href":"https:\/\/hexexist.com\/tr\/wp-json\/wp\/v2\/comments?post=14000"}],"wp:featuredmedia":[{"embeddable":true,"href":"https:\/\/hexexist.com\/tr\/wp-json\/wp\/v2\/media\/13205"}],"wp:attachment":[{"href":"https:\/\/hexexist.com\/tr\/wp-json\/wp\/v2\/media?parent=14000"}],"wp:term":[{"taxonomy":"product_brand","embeddable":true,"href":"https:\/\/hexexist.com\/tr\/wp-json\/wp\/v2\/product_brand?post=14000"},{"taxonomy":"product_cat","embeddable":true,"href":"https:\/\/hexexist.com\/tr\/wp-json\/wp\/v2\/product_cat?post=14000"},{"taxonomy":"product_tag","embeddable":true,"href":"https:\/\/hexexist.com\/tr\/wp-json\/wp\/v2\/product_tag?post=14000"}],"curies":[{"name":"wp","href":"https:\/\/api.w.org\/{rel}","templated":true}]}}