{"id":14001,"date":"2025-10-09T09:50:24","date_gmt":"2025-10-09T09:50:24","guid":{"rendered":"http:\/\/hexexist.com\/product\/basit-yerel-avatarlar\/"},"modified":"2025-10-09T09:50:24","modified_gmt":"2025-10-09T09:50:24","slug":"basit-yerel-avatarlar","status":"publish","type":"product","link":"https:\/\/hexexist.com\/tr\/urun\/basit-yerel-avatarlar\/","title":{"rendered":"Basit Yerel Avatarlar"},"content":{"rendered":"<p>Mevcut kullan\u0131c\u0131n\u0131n medya izinleri varsa, kullan\u0131c\u0131 profillerine bir avatar y\u00fckleme alan\u0131 ekler. T\u0131pk\u0131 Gravatar gibi talep \u00fczerine istenen boyutlar\u0131 olu\u015fturur! Basit ve hafiftir.  <\/p>\n","protected":false},"excerpt":{"rendered":"<p>Mevcut kullan\u0131c\u0131n\u0131n medya izinleri varsa, kullan\u0131c\u0131 profillerine bir avatar y\u00fckleme alan\u0131 ekler. T\u0131pk\u0131 Gravatar gibi talep \u00fczerine istenen boyutlar\u0131 olu\u015fturur! Basit ve hafiftir.<\/p>\n","protected":false},"featured_media":13196,"comment_status":"open","ping_status":"closed","template":"","meta":[],"product_brand":[],"product_cat":[1413],"product_tag":[1933,1935,2249,2245,2247],"class_list":{"0":"post-14001","1":"product","2":"type-product","3":"status-publish","4":"has-post-thumbnail","6":"product_cat-eklentiler","7":"product_tag-avatar-tr","8":"product_tag-gravatar-tr","9":"product_tag-kullanici-fotograflari","10":"product_tag-kullanicilar","11":"product_tag-profil","13":"first","14":"instock","15":"downloadable","16":"virtual","17":"product-type-simple"},"_links":{"self":[{"href":"https:\/\/hexexist.com\/tr\/wp-json\/wp\/v2\/product\/14001","targetHints":{"allow":["GET"]}}],"collection":[{"href":"https:\/\/hexexist.com\/tr\/wp-json\/wp\/v2\/product"}],"about":[{"href":"https:\/\/hexexist.com\/tr\/wp-json\/wp\/v2\/types\/product"}],"replies":[{"embeddable":true,"href":"https:\/\/hexexist.com\/tr\/wp-json\/wp\/v2\/comments?post=14001"}],"wp:featuredmedia":[{"embeddable":true,"href":"https:\/\/hexexist.com\/tr\/wp-json\/wp\/v2\/media\/13196"}],"wp:attachment":[{"href":"https:\/\/hexexist.com\/tr\/wp-json\/wp\/v2\/media?parent=14001"}],"wp:term":[{"taxonomy":"product_brand","embeddable":true,"href":"https:\/\/hexexist.com\/tr\/wp-json\/wp\/v2\/product_brand?post=14001"},{"taxonomy":"product_cat","embeddable":true,"href":"https:\/\/hexexist.com\/tr\/wp-json\/wp\/v2\/product_cat?post=14001"},{"taxonomy":"product_tag","embeddable":true,"href":"https:\/\/hexexist.com\/tr\/wp-json\/wp\/v2\/product_tag?post=14001"}],"curies":[{"name":"wp","href":"https:\/\/api.w.org\/{rel}","templated":true}]}}