{"id":14002,"date":"2025-10-09T09:50:25","date_gmt":"2025-10-09T09:50:25","guid":{"rendered":"http:\/\/hexexist.com\/product\/akilli-ozel-404-hata-sayfasi\/"},"modified":"2025-10-09T09:50:25","modified_gmt":"2025-10-09T09:50:25","slug":"akilli-ozel-404-hata-sayfasi","status":"publish","type":"product","link":"https:\/\/hexexist.com\/tr\/urun\/akilli-ozel-404-hata-sayfasi\/","title":{"rendered":"Ak\u0131ll\u0131 \u00d6zel 404 Hata Sayfas\u0131"},"content":{"rendered":"<p>Web sitenize ziyaret\u00e7i \u00e7ekmek zaman ve \u00e7aba gerektirir. Her ziyaret\u00e7i \u00f6nemlidir. \u00c7o\u011fu teman\u0131n varsay\u0131lan 404 hata sayfas\u0131, sitenizde ne bulunaca\u011f\u0131 konusunda herhangi bir bilgi sa\u011flamaz. Sizi tan\u0131mayan ve ilk kez gelen bir ziyaret\u00e7i \u00e7\u0131kmazda kal\u0131r ve web sitenizi terk eder. Onlar\u0131 sitenizde tutmak i\u00e7in yararl\u0131 bir \u00f6zel 404 hata sayfas\u0131 olu\u015fturun!    <\/p>\n","protected":false},"excerpt":{"rendered":"<p>Web sitenize ziyaret\u00e7i \u00e7ekmek zaman ve \u00e7aba gerektirir. Her ziyaret\u00e7i \u00f6nemlidir. \u00c7o\u011fu teman\u0131n varsay\u0131lan 404 hata sayfas\u0131, sitenizde ne bulunaca\u011f\u0131 konusunda herhangi bir bilgi sa\u011flamaz. Sizi tan\u0131mayan ve ilk kez gelen bir ziyaret\u00e7i \u00e7\u0131kmazda kal\u0131r ve web sitenizi terk eder. Onlar\u0131 sitenizde tutmak i\u00e7in yararl\u0131 bir \u00f6zel 404 hata sayfas\u0131 olu\u015fturun!<\/p>\n","protected":false},"featured_media":13204,"comment_status":"open","ping_status":"closed","template":"","meta":[],"product_brand":[],"product_cat":[1413],"product_tag":[2040,2251,2253,2104,2254],"class_list":{"0":"post-14002","1":"product","2":"type-product","3":"status-publish","4":"has-post-thumbnail","6":"product_cat-eklentiler","7":"product_tag-404-tr","8":"product_tag-404-hatasi","9":"product_tag-404-sayfa","10":"product_tag-bulunamadi","11":"product_tag-ozel-404","13":"first","14":"instock","15":"downloadable","16":"virtual","17":"product-type-simple"},"_links":{"self":[{"href":"https:\/\/hexexist.com\/tr\/wp-json\/wp\/v2\/product\/14002","targetHints":{"allow":["GET"]}}],"collection":[{"href":"https:\/\/hexexist.com\/tr\/wp-json\/wp\/v2\/product"}],"about":[{"href":"https:\/\/hexexist.com\/tr\/wp-json\/wp\/v2\/types\/product"}],"replies":[{"embeddable":true,"href":"https:\/\/hexexist.com\/tr\/wp-json\/wp\/v2\/comments?post=14002"}],"wp:featuredmedia":[{"embeddable":true,"href":"https:\/\/hexexist.com\/tr\/wp-json\/wp\/v2\/media\/13204"}],"wp:attachment":[{"href":"https:\/\/hexexist.com\/tr\/wp-json\/wp\/v2\/media?parent=14002"}],"wp:term":[{"taxonomy":"product_brand","embeddable":true,"href":"https:\/\/hexexist.com\/tr\/wp-json\/wp\/v2\/product_brand?post=14002"},{"taxonomy":"product_cat","embeddable":true,"href":"https:\/\/hexexist.com\/tr\/wp-json\/wp\/v2\/product_cat?post=14002"},{"taxonomy":"product_tag","embeddable":true,"href":"https:\/\/hexexist.com\/tr\/wp-json\/wp\/v2\/product_tag?post=14002"}],"curies":[{"name":"wp","href":"https:\/\/api.w.org\/{rel}","templated":true}]}}