{"id":14003,"date":"2025-10-09T09:50:24","date_gmt":"2025-10-09T09:50:24","guid":{"rendered":"http:\/\/hexexist.com\/product\/sosyal-paylasim-eklentisi-sassy-social-share\/"},"modified":"2025-10-09T09:50:24","modified_gmt":"2025-10-09T09:50:24","slug":"sosyal-paylasim-eklentisi-sassy-social-share","status":"publish","type":"product","link":"https:\/\/hexexist.com\/tr\/urun\/sosyal-paylasim-eklentisi-sassy-social-share\/","title":{"rendered":"Sosyal Payla\u015f\u0131m Eklentisi Sassy Social Share"},"content":{"rendered":"<p>Web sitesi ziyaret\u00e7ilerinin Facebook, Twitter, Google, Linkedin, Whatsapp, Tumblr, Pinterest, Reddit, Gab, Gettr ve yakla\u015f\u0131k 100 sosyal payla\u015f\u0131m ve yer imi hizmeti \u00fczerinden i\u00e7erik payla\u015fmas\u0131na izin verin.<\/p>\n","protected":false},"excerpt":{"rendered":"<p>Web sitesi ziyaret\u00e7ilerinin Facebook, Twitter, Google, Linkedin, Whatsapp, Tumblr, Pinterest, Reddit, Gab, Gettr ve yakla\u015f\u0131k 100 sosyal payla\u015f\u0131m ve yer imi hizmeti \u00fczerinden i\u00e7erik payla\u015fmas\u0131na izin verin.<\/p>\n","protected":false},"featured_media":13195,"comment_status":"open","ping_status":"closed","template":"","meta":[],"product_brand":[],"product_cat":[1413],"product_tag":[1562,2250,1882,1792,2252],"class_list":{"0":"post-14003","1":"product","2":"type-product","3":"status-publish","4":"has-post-thumbnail","6":"product_cat-eklentiler","7":"product_tag-chatgpt-tr","8":"product_tag-grok-tr","9":"product_tag-sosyal-medya","10":"product_tag-sosyal-paylasim-tr","11":"product_tag-sosyal-paylasim-butonlari","13":"first","14":"instock","15":"downloadable","16":"virtual","17":"product-type-simple"},"_links":{"self":[{"href":"https:\/\/hexexist.com\/tr\/wp-json\/wp\/v2\/product\/14003","targetHints":{"allow":["GET"]}}],"collection":[{"href":"https:\/\/hexexist.com\/tr\/wp-json\/wp\/v2\/product"}],"about":[{"href":"https:\/\/hexexist.com\/tr\/wp-json\/wp\/v2\/types\/product"}],"replies":[{"embeddable":true,"href":"https:\/\/hexexist.com\/tr\/wp-json\/wp\/v2\/comments?post=14003"}],"wp:featuredmedia":[{"embeddable":true,"href":"https:\/\/hexexist.com\/tr\/wp-json\/wp\/v2\/media\/13195"}],"wp:attachment":[{"href":"https:\/\/hexexist.com\/tr\/wp-json\/wp\/v2\/media?parent=14003"}],"wp:term":[{"taxonomy":"product_brand","embeddable":true,"href":"https:\/\/hexexist.com\/tr\/wp-json\/wp\/v2\/product_brand?post=14003"},{"taxonomy":"product_cat","embeddable":true,"href":"https:\/\/hexexist.com\/tr\/wp-json\/wp\/v2\/product_cat?post=14003"},{"taxonomy":"product_tag","embeddable":true,"href":"https:\/\/hexexist.com\/tr\/wp-json\/wp\/v2\/product_tag?post=14003"}],"curies":[{"name":"wp","href":"https:\/\/api.w.org\/{rel}","templated":true}]}}