{"id":14005,"date":"2025-10-09T09:50:25","date_gmt":"2025-10-09T09:50:25","guid":{"rendered":"http:\/\/hexexist.com\/product\/yarpp-yet-another-related-posts-eklentisi\/"},"modified":"2025-10-09T09:50:25","modified_gmt":"2025-10-09T09:50:25","slug":"yarpp-yet-another-related-posts-eklentisi","status":"publish","type":"product","link":"https:\/\/hexexist.com\/tr\/urun\/yarpp-yet-another-related-posts-eklentisi\/","title":{"rendered":"YARPP Yet Another Related Posts Eklentisi"},"content":{"rendered":"<p>Yet Another Related Posts Plugin (YARPP), mevcut giri\u015fle ilgili sayfalar\u0131, yaz\u0131lar\u0131 ve \u00f6zel yaz\u0131 t\u00fcrlerini g\u00f6r\u00fcnt\u00fcleyen, profesyonelce bak\u0131m\u0131 yap\u0131lan, son derece \u00f6zelle\u015ftirilebilir, performansl\u0131 ve zengin \u00f6zelliklere sahip bir eklentidir. YARPP ziyaret\u00e7ilerinizi sitenizdeki di\u011fer ilgili i\u00e7eriklerle tan\u0131\u015ft\u0131rarak ziyaret\u00e7i etkile\u015fimini, sitede kalma s\u00fcresini ve SEO&#8217;yu art\u0131r\u0131r. \u0130lgili Yaz\u0131lar sayfa g\u00f6r\u00fcnt\u00fclemelerinizi %10&#8217;a kadar art\u0131rabilir. Basit\u00e7e kurun, etkinle\u015ftirin ve oturumlar\u0131n\u0131z\u0131n ve sayfa g\u00f6r\u00fcnt\u00fclemelerinizin artmas\u0131n\u0131 izleyin.    <\/p>\n","protected":false},"excerpt":{"rendered":"<p>Yet Another Related Posts Plugin (YARPP), mevcut giri\u015fle ilgili sayfalar\u0131, yaz\u0131lar\u0131 ve \u00f6zel yaz\u0131 t\u00fcrlerini g\u00f6r\u00fcnt\u00fcleyen, profesyonelce bak\u0131m\u0131 yap\u0131lan, son derece \u00f6zelle\u015ftirilebilir, performansl\u0131 ve zengin \u00f6zelliklere sahip bir eklentidir. YARPP ziyaret\u00e7ilerinizi sitenizdeki di\u011fer ilgili i\u00e7eriklerle tan\u0131\u015ft\u0131rarak ziyaret\u00e7i etkile\u015fimini, sitede kalma s\u00fcresini ve SEO&#8217;yu art\u0131r\u0131r. \u0130lgili Yaz\u0131lar sayfa g\u00f6r\u00fcnt\u00fclemelerinizi %10&#8217;a kadar art\u0131rabilir. Basit\u00e7e kurun, etkinle\u015ftirin ve [&hellip;]<\/p>\n","protected":false},"featured_media":13203,"comment_status":"open","ping_status":"closed","template":"","meta":[],"product_brand":[],"product_cat":[1413],"product_tag":[2256,2196,1494,2100,1583],"class_list":{"0":"post-14005","1":"product","2":"type-product","3":"status-publish","4":"has-post-thumbnail","6":"product_cat-eklentiler","7":"product_tag-baglamsal-ilgili-gonderiler","8":"product_tag-benzer-gonderiler","9":"product_tag-gonderiler","10":"product_tag-ilgili-gonderiler","11":"product_tag-seo-tr","13":"first","14":"instock","15":"downloadable","16":"virtual","17":"product-type-simple"},"_links":{"self":[{"href":"https:\/\/hexexist.com\/tr\/wp-json\/wp\/v2\/product\/14005","targetHints":{"allow":["GET"]}}],"collection":[{"href":"https:\/\/hexexist.com\/tr\/wp-json\/wp\/v2\/product"}],"about":[{"href":"https:\/\/hexexist.com\/tr\/wp-json\/wp\/v2\/types\/product"}],"replies":[{"embeddable":true,"href":"https:\/\/hexexist.com\/tr\/wp-json\/wp\/v2\/comments?post=14005"}],"wp:featuredmedia":[{"embeddable":true,"href":"https:\/\/hexexist.com\/tr\/wp-json\/wp\/v2\/media\/13203"}],"wp:attachment":[{"href":"https:\/\/hexexist.com\/tr\/wp-json\/wp\/v2\/media?parent=14005"}],"wp:term":[{"taxonomy":"product_brand","embeddable":true,"href":"https:\/\/hexexist.com\/tr\/wp-json\/wp\/v2\/product_brand?post=14005"},{"taxonomy":"product_cat","embeddable":true,"href":"https:\/\/hexexist.com\/tr\/wp-json\/wp\/v2\/product_cat?post=14005"},{"taxonomy":"product_tag","embeddable":true,"href":"https:\/\/hexexist.com\/tr\/wp-json\/wp\/v2\/product_tag?post=14005"}],"curies":[{"name":"wp","href":"https:\/\/api.w.org\/{rel}","templated":true}]}}