{"id":14006,"date":"2025-10-09T09:50:26","date_gmt":"2025-10-09T09:50:26","guid":{"rendered":"http:\/\/hexexist.com\/product\/yazar-slugi-duzenle\/"},"modified":"2025-10-09T09:50:26","modified_gmt":"2025-10-09T09:50:26","slug":"yazar-slugi-duzenle","status":"publish","type":"product","link":"https:\/\/hexexist.com\/tr\/urun\/yazar-slugi-duzenle\/","title":{"rendered":"Yazar Slug&#8217;\u0131 D\u00fczenle"},"content":{"rendered":"<p>Bu eklenti, hem yazar taban\u0131n\u0131 (yazar URL&#8217;lerinin ?\/author\/&#8217; k\u0131sm\u0131) hem de yazar slug&#8217;\u0131n\u0131 (varsay\u0131lan olarak yazar\u0131n kullan\u0131c\u0131 ad\u0131) de\u011fi\u015ftirmenize olanak tan\u0131yarak kullan\u0131c\u0131 kal\u0131c\u0131 ba\u011flant\u0131lar\u0131n\u0131z \u00fczerinde tam kontrol sa\u011flar. Yazar taban\u0131n\u0131 global olarak ayarlayabilir ya da kullan\u0131c\u0131n\u0131n rol\u00fcne ba\u011fl\u0131 olarak kullan\u0131c\u0131ya \u00f6zel olacak \u015fekilde ayarlayabilirsiniz. Art\u0131k Yazar sayfalar\u0131n\u0131z i\u00e7in m\u00fckemmel URL yap\u0131s\u0131n\u0131 olu\u015fturma g\u00fcc\u00fcne sahipsiniz. <\/p>\n","protected":false},"excerpt":{"rendered":"<p>Bu eklenti, hem yazar taban\u0131n\u0131 (yazar URL&#8217;lerinin ?\/author\/&#8217; k\u0131sm\u0131) hem de yazar slug&#8217;\u0131n\u0131 (varsay\u0131lan olarak yazar\u0131n kullan\u0131c\u0131 ad\u0131) de\u011fi\u015ftirmenize olanak tan\u0131yarak kullan\u0131c\u0131 kal\u0131c\u0131 ba\u011flant\u0131lar\u0131n\u0131z \u00fczerinde tam kontrol sa\u011flar. Yazar taban\u0131n\u0131 global olarak ayarlayabilir ya da kullan\u0131c\u0131n\u0131n rol\u00fcne ba\u011fl\u0131 olarak kullan\u0131c\u0131ya \u00f6zel olacak \u015fekilde ayarlayabilirsiniz. Art\u0131k Yazar sayfalar\u0131n\u0131z i\u00e7in m\u00fckemmel URL yap\u0131s\u0131n\u0131 olu\u015fturma g\u00fcc\u00fcne sahipsiniz.<\/p>\n","protected":false},"featured_media":13210,"comment_status":"open","ping_status":"closed","template":"","meta":[],"product_brand":[],"product_cat":[1413],"product_tag":[2259,2055,2258,2257],"class_list":{"0":"post-14006","1":"product","2":"type-product","3":"status-publish","4":"has-post-thumbnail","6":"product_cat-eklentiler","7":"product_tag-nicename-tr","8":"product_tag-yazar","9":"product_tag-yazar-sumuklubocek","10":"product_tag-yazar-tabani","12":"first","13":"instock","14":"downloadable","15":"virtual","16":"product-type-simple"},"_links":{"self":[{"href":"https:\/\/hexexist.com\/tr\/wp-json\/wp\/v2\/product\/14006","targetHints":{"allow":["GET"]}}],"collection":[{"href":"https:\/\/hexexist.com\/tr\/wp-json\/wp\/v2\/product"}],"about":[{"href":"https:\/\/hexexist.com\/tr\/wp-json\/wp\/v2\/types\/product"}],"replies":[{"embeddable":true,"href":"https:\/\/hexexist.com\/tr\/wp-json\/wp\/v2\/comments?post=14006"}],"wp:featuredmedia":[{"embeddable":true,"href":"https:\/\/hexexist.com\/tr\/wp-json\/wp\/v2\/media\/13210"}],"wp:attachment":[{"href":"https:\/\/hexexist.com\/tr\/wp-json\/wp\/v2\/media?parent=14006"}],"wp:term":[{"taxonomy":"product_brand","embeddable":true,"href":"https:\/\/hexexist.com\/tr\/wp-json\/wp\/v2\/product_brand?post=14006"},{"taxonomy":"product_cat","embeddable":true,"href":"https:\/\/hexexist.com\/tr\/wp-json\/wp\/v2\/product_cat?post=14006"},{"taxonomy":"product_tag","embeddable":true,"href":"https:\/\/hexexist.com\/tr\/wp-json\/wp\/v2\/product_tag?post=14006"}],"curies":[{"name":"wp","href":"https:\/\/api.w.org\/{rel}","templated":true}]}}