{"id":14007,"date":"2025-10-09T09:50:25","date_gmt":"2025-10-09T09:50:25","guid":{"rendered":"http:\/\/hexexist.com\/product\/wp-staging-wordpress-yedekleme-eklentisi-goc-yedekleme-geri-yukleme\/"},"modified":"2025-10-09T09:50:25","modified_gmt":"2025-10-09T09:50:25","slug":"wp-staging-wordpress-yedekleme-eklentisi-goc-yedekleme-geri-yukleme","status":"publish","type":"product","link":"https:\/\/hexexist.com\/tr\/urun\/wp-staging-wordpress-yedekleme-eklentisi-goc-yedekleme-geri-yukleme\/","title":{"rendered":"WP STAGING WordPress Yedekleme Eklentisi G\u00f6\u00e7 Yedekleme Geri Y\u00fckleme"},"content":{"rendered":"<p>WP STAGING, profesyonel bir hepsi bir arada yedekleme, evreleme ve \u00e7o\u011falt\u0131c\u0131 eklentisidir. Php 7.0 8.4&#8217;\u00fcn t\u00fcm s\u00fcr\u00fcmleri i\u00e7in kurumsal d\u00fczeyde birim ve e2e test edilmi\u015ftir. <\/p>\n","protected":false},"excerpt":{"rendered":"<p>WP STAGING, profesyonel bir hepsi bir arada yedekleme, evreleme ve \u00e7o\u011falt\u0131c\u0131 eklentisidir. Php 7.0 8.4&#8217;\u00fcn t\u00fcm s\u00fcr\u00fcmleri i\u00e7in kurumsal d\u00fczeyde birim ve e2e test edilmi\u015ftir.<\/p>\n","protected":false},"featured_media":13202,"comment_status":"open","ping_status":"closed","template":"","meta":[],"product_brand":[],"product_cat":[1413],"product_tag":[1765,1943,2260,1650,1916],"class_list":{"0":"post-14007","1":"product","2":"type-product","3":"status-publish","4":"has-post-thumbnail","6":"product_cat-eklentiler","7":"product_tag-goc","8":"product_tag-goc-etmek","9":"product_tag-wordpress-yedekleme","10":"product_tag-yedekleme","11":"product_tag-yedeklemeler","13":"first","14":"instock","15":"downloadable","16":"virtual","17":"product-type-simple"},"_links":{"self":[{"href":"https:\/\/hexexist.com\/tr\/wp-json\/wp\/v2\/product\/14007","targetHints":{"allow":["GET"]}}],"collection":[{"href":"https:\/\/hexexist.com\/tr\/wp-json\/wp\/v2\/product"}],"about":[{"href":"https:\/\/hexexist.com\/tr\/wp-json\/wp\/v2\/types\/product"}],"replies":[{"embeddable":true,"href":"https:\/\/hexexist.com\/tr\/wp-json\/wp\/v2\/comments?post=14007"}],"wp:featuredmedia":[{"embeddable":true,"href":"https:\/\/hexexist.com\/tr\/wp-json\/wp\/v2\/media\/13202"}],"wp:attachment":[{"href":"https:\/\/hexexist.com\/tr\/wp-json\/wp\/v2\/media?parent=14007"}],"wp:term":[{"taxonomy":"product_brand","embeddable":true,"href":"https:\/\/hexexist.com\/tr\/wp-json\/wp\/v2\/product_brand?post=14007"},{"taxonomy":"product_cat","embeddable":true,"href":"https:\/\/hexexist.com\/tr\/wp-json\/wp\/v2\/product_cat?post=14007"},{"taxonomy":"product_tag","embeddable":true,"href":"https:\/\/hexexist.com\/tr\/wp-json\/wp\/v2\/product_tag?post=14007"}],"curies":[{"name":"wp","href":"https:\/\/api.w.org\/{rel}","templated":true}]}}