{"id":14009,"date":"2025-10-09T09:50:25","date_gmt":"2025-10-09T09:50:25","guid":{"rendered":"http:\/\/hexexist.com\/product\/wp-surum-dusurme-belirli-cekirdek-surum\/"},"modified":"2025-10-09T09:50:25","modified_gmt":"2025-10-09T09:50:25","slug":"wp-surum-dusurme-belirli-cekirdek-surum","status":"publish","type":"product","link":"https:\/\/hexexist.com\/tr\/urun\/wp-surum-dusurme-belirli-cekirdek-surum\/","title":{"rendered":"WP S\u00fcr\u00fcm D\u00fc\u015f\u00fcrme | Belirli \u00c7ekirdek S\u00fcr\u00fcm"},"content":{"rendered":"<p>TR: WP Downgrade eklentisi, WordPress g\u00fcncelleme rutinini belirli bir WordPress s\u00fcr\u00fcm\u00fcn\u00fcn kurulumunu ger\u00e7ekle\u015ftirmeye zorlar. Belirtti\u011finiz \u00c7ekirdek S\u00fcr\u00fcm daha sonra wordpress.org&#8217;dan indirilir ve herhangi bir normal g\u00fcncelleme gibi y\u00fcklenir. Se\u00e7ti\u011finiz \u00f6nceki bir s\u00fcr\u00fcmde kal\u0131c\u0131 olarak kalabilir veya se\u00e7ilen g\u00fcncellemeyi yapabilirsiniz.<\/p>\n","protected":false},"excerpt":{"rendered":"<p>TR: WP Downgrade eklentisi, WordPress g\u00fcncelleme rutinini belirli bir WordPress s\u00fcr\u00fcm\u00fcn\u00fcn kurulumunu ger\u00e7ekle\u015ftirmeye zorlar. Belirtti\u011finiz \u00c7ekirdek S\u00fcr\u00fcm daha sonra wordpress.org&#8217;dan indirilir ve herhangi bir normal g\u00fcncelleme gibi y\u00fcklenir. Se\u00e7ti\u011finiz \u00f6nceki bir s\u00fcr\u00fcmde kal\u0131c\u0131 olarak kalabilir veya se\u00e7ilen g\u00fcncellemeyi yapabilirsiniz.<\/p>\n","protected":false},"featured_media":13201,"comment_status":"open","ping_status":"closed","template":"","meta":[],"product_brand":[],"product_cat":[1413],"product_tag":[2269,2267,2265,2268,2270],"class_list":{"0":"post-14009","1":"product","2":"type-product","3":"status-publish","4":"has-post-thumbnail","6":"product_cat-eklentiler","7":"product_tag-cekirdek","8":"product_tag-geri-alma","9":"product_tag-not-dusurme","10":"product_tag-versiyon","11":"product_tag-wp-cekirdek","13":"first","14":"instock","15":"downloadable","16":"virtual","17":"product-type-simple"},"_links":{"self":[{"href":"https:\/\/hexexist.com\/tr\/wp-json\/wp\/v2\/product\/14009","targetHints":{"allow":["GET"]}}],"collection":[{"href":"https:\/\/hexexist.com\/tr\/wp-json\/wp\/v2\/product"}],"about":[{"href":"https:\/\/hexexist.com\/tr\/wp-json\/wp\/v2\/types\/product"}],"replies":[{"embeddable":true,"href":"https:\/\/hexexist.com\/tr\/wp-json\/wp\/v2\/comments?post=14009"}],"wp:featuredmedia":[{"embeddable":true,"href":"https:\/\/hexexist.com\/tr\/wp-json\/wp\/v2\/media\/13201"}],"wp:attachment":[{"href":"https:\/\/hexexist.com\/tr\/wp-json\/wp\/v2\/media?parent=14009"}],"wp:term":[{"taxonomy":"product_brand","embeddable":true,"href":"https:\/\/hexexist.com\/tr\/wp-json\/wp\/v2\/product_brand?post=14009"},{"taxonomy":"product_cat","embeddable":true,"href":"https:\/\/hexexist.com\/tr\/wp-json\/wp\/v2\/product_cat?post=14009"},{"taxonomy":"product_tag","embeddable":true,"href":"https:\/\/hexexist.com\/tr\/wp-json\/wp\/v2\/product_tag?post=14009"}],"curies":[{"name":"wp","href":"https:\/\/api.w.org\/{rel}","templated":true}]}}