{"id":14010,"date":"2025-10-09T09:50:26","date_gmt":"2025-10-09T09:50:26","guid":{"rendered":"http:\/\/hexexist.com\/product\/elementor-icin-element-paketi-eklentileri\/"},"modified":"2025-10-09T09:50:26","modified_gmt":"2025-10-09T09:50:26","slug":"elementor-icin-element-paketi-eklentileri","status":"publish","type":"product","link":"https:\/\/hexexist.com\/tr\/urun\/elementor-icin-element-paketi-eklentileri\/","title":{"rendered":"Elementor i\u00e7in Element Paketi Eklentileri"},"content":{"rendered":"<p>Element Pack, Elementor i\u00e7in kolayl\u0131kla g\u00fczel ve duyarl\u0131 web siteleri olu\u015fturman\u0131za yard\u0131mc\u0131 olan g\u00fc\u00e7l\u00fc bir eklentidir. Ayr\u0131ca 300&#8217;den fazla widget ve 2.700&#8217;den fazla \u015fablon dahil olmak \u00fczere \u00f6zel \u00f6zellikler sunarak WordPress web sitelerini kolayl\u0131kla tasarlaman\u0131z i\u00e7in ihtiyac\u0131n\u0131z olan her \u015feyi sa\u011flar. <\/p>\n","protected":false},"excerpt":{"rendered":"<p>Element Pack, Elementor i\u00e7in kolayl\u0131kla g\u00fczel ve duyarl\u0131 web siteleri olu\u015fturman\u0131za yard\u0131mc\u0131 olan g\u00fc\u00e7l\u00fc bir eklentidir. Ayr\u0131ca 300&#8217;den fazla widget ve 2.700&#8217;den fazla \u015fablon dahil olmak \u00fczere \u00f6zel \u00f6zellikler sunarak WordPress web sitelerini kolayl\u0131kla tasarlaman\u0131z i\u00e7in ihtiyac\u0131n\u0131z olan her \u015feyi sa\u011flar.<\/p>\n","protected":false},"featured_media":13208,"comment_status":"open","ping_status":"closed","template":"","meta":[],"product_brand":[],"product_cat":[1413],"product_tag":[1532,1537,2271,1538],"class_list":{"0":"post-14010","1":"product","2":"type-product","3":"status-publish","4":"has-post-thumbnail","6":"product_cat-eklentiler","7":"product_tag-elementor-tr","8":"product_tag-elementor-eklentileri","9":"product_tag-elementor-sablonu","10":"product_tag-elementor-widgetlari","12":"first","13":"instock","14":"downloadable","15":"virtual","16":"product-type-simple"},"_links":{"self":[{"href":"https:\/\/hexexist.com\/tr\/wp-json\/wp\/v2\/product\/14010","targetHints":{"allow":["GET"]}}],"collection":[{"href":"https:\/\/hexexist.com\/tr\/wp-json\/wp\/v2\/product"}],"about":[{"href":"https:\/\/hexexist.com\/tr\/wp-json\/wp\/v2\/types\/product"}],"replies":[{"embeddable":true,"href":"https:\/\/hexexist.com\/tr\/wp-json\/wp\/v2\/comments?post=14010"}],"wp:featuredmedia":[{"embeddable":true,"href":"https:\/\/hexexist.com\/tr\/wp-json\/wp\/v2\/media\/13208"}],"wp:attachment":[{"href":"https:\/\/hexexist.com\/tr\/wp-json\/wp\/v2\/media?parent=14010"}],"wp:term":[{"taxonomy":"product_brand","embeddable":true,"href":"https:\/\/hexexist.com\/tr\/wp-json\/wp\/v2\/product_brand?post=14010"},{"taxonomy":"product_cat","embeddable":true,"href":"https:\/\/hexexist.com\/tr\/wp-json\/wp\/v2\/product_cat?post=14010"},{"taxonomy":"product_tag","embeddable":true,"href":"https:\/\/hexexist.com\/tr\/wp-json\/wp\/v2\/product_tag?post=14010"}],"curies":[{"name":"wp","href":"https:\/\/api.w.org\/{rel}","templated":true}]}}