{"id":14011,"date":"2025-10-09T09:50:26","date_gmt":"2025-10-09T09:50:26","guid":{"rendered":"http:\/\/hexexist.com\/product\/yerel-google-yazi-tipleri\/"},"modified":"2025-10-09T09:50:26","modified_gmt":"2025-10-09T09:50:26","slug":"yerel-google-yazi-tipleri","status":"publish","type":"product","link":"https:\/\/hexexist.com\/tr\/urun\/yerel-google-yazi-tipleri\/","title":{"rendered":"Yerel Google Yaz\u0131 Tipleri"},"content":{"rendered":"<p>Kulland\u0131\u011f\u0131n\u0131z Google yaz\u0131 tiplerini sunucunuzda bar\u0131nd\u0131r\u0131n ve sitenizi GDPR ile daha uyumlu hale getirin \ud83d\udcaf.<\/p>\n","protected":false},"excerpt":{"rendered":"<p>Kulland\u0131\u011f\u0131n\u0131z Google yaz\u0131 tiplerini sunucunuzda bar\u0131nd\u0131r\u0131n ve sitenizi GDPR ile daha uyumlu hale getirin \ud83d\udcaf.<\/p>\n","protected":false},"featured_media":13213,"comment_status":"open","ping_status":"closed","template":"","meta":[],"product_brand":[],"product_cat":[1413],"product_tag":[1462,1502,2273,1656,2272],"class_list":{"0":"post-14011","1":"product","2":"type-product","3":"status-publish","4":"has-post-thumbnail","6":"product_cat-eklentiler","7":"product_tag-gdpr-tr","8":"product_tag-google-tr","9":"product_tag-googlefonts-tr","10":"product_tag-yazi-tipi","11":"product_tag-yazi-tipleri","13":"first","14":"instock","15":"downloadable","16":"virtual","17":"product-type-simple"},"_links":{"self":[{"href":"https:\/\/hexexist.com\/tr\/wp-json\/wp\/v2\/product\/14011","targetHints":{"allow":["GET"]}}],"collection":[{"href":"https:\/\/hexexist.com\/tr\/wp-json\/wp\/v2\/product"}],"about":[{"href":"https:\/\/hexexist.com\/tr\/wp-json\/wp\/v2\/types\/product"}],"replies":[{"embeddable":true,"href":"https:\/\/hexexist.com\/tr\/wp-json\/wp\/v2\/comments?post=14011"}],"wp:featuredmedia":[{"embeddable":true,"href":"https:\/\/hexexist.com\/tr\/wp-json\/wp\/v2\/media\/13213"}],"wp:attachment":[{"href":"https:\/\/hexexist.com\/tr\/wp-json\/wp\/v2\/media?parent=14011"}],"wp:term":[{"taxonomy":"product_brand","embeddable":true,"href":"https:\/\/hexexist.com\/tr\/wp-json\/wp\/v2\/product_brand?post=14011"},{"taxonomy":"product_cat","embeddable":true,"href":"https:\/\/hexexist.com\/tr\/wp-json\/wp\/v2\/product_cat?post=14011"},{"taxonomy":"product_tag","embeddable":true,"href":"https:\/\/hexexist.com\/tr\/wp-json\/wp\/v2\/product_tag?post=14011"}],"curies":[{"name":"wp","href":"https:\/\/api.w.org\/{rel}","templated":true}]}}