{"id":14014,"date":"2025-10-09T09:50:27","date_gmt":"2025-10-09T09:50:27","guid":{"rendered":"http:\/\/hexexist.com\/product\/giris-kilitleme-ve-koruma\/"},"modified":"2025-10-09T09:50:27","modified_gmt":"2025-10-09T09:50:27","slug":"giris-kilitleme-ve-koruma","status":"publish","type":"product","link":"https:\/\/hexexist.com\/tr\/urun\/giris-kilitleme-ve-koruma\/","title":{"rendered":"Giri\u015f Kilitleme ve Koruma"},"content":{"rendered":"<p>Login Lockdown ba\u015far\u0131s\u0131z giri\u015f denemelerinin IP adresini ve zaman damgas\u0131n\u0131 kaydeder. Ayn\u0131 IP&#8217;den belirli bir s\u00fcre i\u00e7inde belirli bir say\u0131dan fazla deneme tespit edilirse, o IP adresinden gelen t\u00fcm istekler i\u00e7in oturum a\u00e7ma devre d\u0131\u015f\u0131 b\u0131rak\u0131l\u0131r (veya IP&#8217;nin siteye eri\u015fimi tamamen engellenir). Bu, siteyi g\u00fcvence alt\u0131na al\u0131r ve kaba kuvvet \u015fifre sald\u0131r\u0131lar\u0131n\u0131 ve ke\u015ffini \u00f6nlemeye yard\u0131mc\u0131 olur.  <\/p>\n","protected":false},"excerpt":{"rendered":"<p>Login Lockdown ba\u015far\u0131s\u0131z giri\u015f denemelerinin IP adresini ve zaman damgas\u0131n\u0131 kaydeder. Ayn\u0131 IP&#8217;den belirli bir s\u00fcre i\u00e7inde belirli bir say\u0131dan fazla deneme tespit edilirse, o IP adresinden gelen t\u00fcm istekler i\u00e7in oturum a\u00e7ma devre d\u0131\u015f\u0131 b\u0131rak\u0131l\u0131r (veya IP&#8217;nin siteye eri\u015fimi tamamen engellenir). Bu, siteyi g\u00fcvence alt\u0131na al\u0131r ve kaba kuvvet \u015fifre sald\u0131r\u0131lar\u0131n\u0131 ve ke\u015ffini \u00f6nlemeye [&hellip;]<\/p>\n","protected":false},"featured_media":13214,"comment_status":"open","ping_status":"closed","template":"","meta":[],"product_brand":[],"product_cat":[1413],"product_tag":[2280,1545,2015,2282,1456],"class_list":{"0":"post-14014","1":"product","2":"type-product","3":"status-publish","4":"has-post-thumbnail","6":"product_cat-eklentiler","7":"product_tag-blok-giris","8":"product_tag-captcha-tr","9":"product_tag-giris","10":"product_tag-giris-bilgilerini-koru","11":"product_tag-guvenlik-duvari","13":"first","14":"instock","15":"downloadable","16":"virtual","17":"product-type-simple"},"_links":{"self":[{"href":"https:\/\/hexexist.com\/tr\/wp-json\/wp\/v2\/product\/14014","targetHints":{"allow":["GET"]}}],"collection":[{"href":"https:\/\/hexexist.com\/tr\/wp-json\/wp\/v2\/product"}],"about":[{"href":"https:\/\/hexexist.com\/tr\/wp-json\/wp\/v2\/types\/product"}],"replies":[{"embeddable":true,"href":"https:\/\/hexexist.com\/tr\/wp-json\/wp\/v2\/comments?post=14014"}],"wp:featuredmedia":[{"embeddable":true,"href":"https:\/\/hexexist.com\/tr\/wp-json\/wp\/v2\/media\/13214"}],"wp:attachment":[{"href":"https:\/\/hexexist.com\/tr\/wp-json\/wp\/v2\/media?parent=14014"}],"wp:term":[{"taxonomy":"product_brand","embeddable":true,"href":"https:\/\/hexexist.com\/tr\/wp-json\/wp\/v2\/product_brand?post=14014"},{"taxonomy":"product_cat","embeddable":true,"href":"https:\/\/hexexist.com\/tr\/wp-json\/wp\/v2\/product_cat?post=14014"},{"taxonomy":"product_tag","embeddable":true,"href":"https:\/\/hexexist.com\/tr\/wp-json\/wp\/v2\/product_tag?post=14014"}],"curies":[{"name":"wp","href":"https:\/\/api.w.org\/{rel}","templated":true}]}}