{"id":14015,"date":"2025-10-09T09:50:28","date_gmt":"2025-10-09T09:50:28","guid":{"rendered":"http:\/\/hexexist.com\/product\/ninjafirewall-wp-edition-gelismis-guvenlik-eklentisi-ve-guvenlik-duvari\/"},"modified":"2025-10-09T09:50:28","modified_gmt":"2025-10-09T09:50:28","slug":"ninjafirewall-wp-edition-gelismis-guvenlik-eklentisi-ve-guvenlik-duvari","status":"publish","type":"product","link":"https:\/\/hexexist.com\/tr\/urun\/ninjafirewall-wp-edition-gelismis-guvenlik-eklentisi-ve-guvenlik-duvari\/","title":{"rendered":"NinjaFirewall (WP Edition) Geli\u015fmi\u015f G\u00fcvenlik Eklentisi ve G\u00fcvenlik Duvar\u0131"},"content":{"rendered":"<p>NinjaFirewall (WP Edition) ger\u00e7ek bir Web Uygulamas\u0131 G\u00fcvenlik Duvar\u0131d\u0131r. T\u0131pk\u0131 bir eklenti gibi kurulup yap\u0131land\u0131r\u0131labilmesine ra\u011fmen, WordPress&#8217;in \u00f6n\u00fcnde duran ba\u011f\u0131ms\u0131z bir g\u00fcvenlik duvar\u0131d\u0131r. <\/p>\n","protected":false},"excerpt":{"rendered":"<p>NinjaFirewall (WP Edition) ger\u00e7ek bir Web Uygulamas\u0131 G\u00fcvenlik Duvar\u0131d\u0131r. T\u0131pk\u0131 bir eklenti gibi kurulup yap\u0131land\u0131r\u0131labilmesine ra\u011fmen, WordPress&#8217;in \u00f6n\u00fcnde duran ba\u011f\u0131ms\u0131z bir g\u00fcvenlik duvar\u0131d\u0131r.<\/p>\n","protected":false},"featured_media":13217,"comment_status":"open","ping_status":"closed","template":"","meta":[],"product_brand":[],"product_cat":[1413],"product_tag":[1455,1456,1874,1454,2281],"class_list":{"0":"post-14015","1":"product","2":"type-product","3":"status-publish","4":"has-post-thumbnail","6":"product_cat-eklentiler","7":"product_tag-guvenlik","8":"product_tag-guvenlik-duvari","9":"product_tag-koruma","10":"product_tag-kotu-amacli-yazilim","11":"product_tag-virus-tr","13":"first","14":"instock","15":"downloadable","16":"virtual","17":"product-type-simple"},"_links":{"self":[{"href":"https:\/\/hexexist.com\/tr\/wp-json\/wp\/v2\/product\/14015","targetHints":{"allow":["GET"]}}],"collection":[{"href":"https:\/\/hexexist.com\/tr\/wp-json\/wp\/v2\/product"}],"about":[{"href":"https:\/\/hexexist.com\/tr\/wp-json\/wp\/v2\/types\/product"}],"replies":[{"embeddable":true,"href":"https:\/\/hexexist.com\/tr\/wp-json\/wp\/v2\/comments?post=14015"}],"wp:featuredmedia":[{"embeddable":true,"href":"https:\/\/hexexist.com\/tr\/wp-json\/wp\/v2\/media\/13217"}],"wp:attachment":[{"href":"https:\/\/hexexist.com\/tr\/wp-json\/wp\/v2\/media?parent=14015"}],"wp:term":[{"taxonomy":"product_brand","embeddable":true,"href":"https:\/\/hexexist.com\/tr\/wp-json\/wp\/v2\/product_brand?post=14015"},{"taxonomy":"product_cat","embeddable":true,"href":"https:\/\/hexexist.com\/tr\/wp-json\/wp\/v2\/product_cat?post=14015"},{"taxonomy":"product_tag","embeddable":true,"href":"https:\/\/hexexist.com\/tr\/wp-json\/wp\/v2\/product_tag?post=14015"}],"curies":[{"name":"wp","href":"https:\/\/api.w.org\/{rel}","templated":true}]}}