{"id":14016,"date":"2025-10-09T09:50:28","date_gmt":"2025-10-09T09:50:28","guid":{"rendered":"http:\/\/hexexist.com\/product\/neveden-baslangic-siteleri-ve-sablonlari\/"},"modified":"2025-10-09T09:50:28","modified_gmt":"2025-10-09T09:50:28","slug":"neveden-baslangic-siteleri-ve-sablonlari","status":"publish","type":"product","link":"https:\/\/hexexist.com\/tr\/urun\/neveden-baslangic-siteleri-ve-sablonlari\/","title":{"rendered":"Neve&#8217;den Ba\u015flang\u0131\u00e7 Siteleri ve \u015eablonlar\u0131"},"content":{"rendered":"<p>Gutenberg ile g\u00fczel web siteleri olu\u015fturman\u0131za yard\u0131mc\u0131 olmak i\u00e7in tasarlanm\u0131\u015f \u00e7ok \u00e7e\u015fitli \u015fablonlara ve ba\u015flang\u0131\u00e7 sitelerine g\u00f6z at\u0131n. T\u00fcm \u015fablonlar demosites.io&#8217;da \u00f6nizlenebilir ve bunlar\u0131 herhangi bir sitenize sorunsuz bir \u015fekilde aktarabilirsiniz. \u0130ster yeni ba\u015flayan ister deneyimli bir profesyonel olun, \u015fablonlar\u0131m\u0131z zamandan tasarruf etmenize ve herhangi bir kodlama bilgisi olmadan \u00e7arp\u0131c\u0131 web siteleri olu\u015fturman\u0131za yard\u0131mc\u0131 olabilir. Bu \u015fablonlar ileti\u015fim sayfalar\u0131, hakk\u0131nda sayfalar\u0131 ve blog sayfalar\u0131 gibi temel sayfalar\u0131 olu\u015fturmak i\u00e7in m\u00fckemmeldir.   <\/p>\n","protected":false},"excerpt":{"rendered":"<p>Gutenberg ile g\u00fczel web siteleri olu\u015fturman\u0131za yard\u0131mc\u0131 olmak i\u00e7in tasarlanm\u0131\u015f \u00e7ok \u00e7e\u015fitli \u015fablonlara ve ba\u015flang\u0131\u00e7 sitelerine g\u00f6z at\u0131n. T\u00fcm \u015fablonlar demosites.io&#8217;da \u00f6nizlenebilir ve bunlar\u0131 herhangi bir sitenize sorunsuz bir \u015fekilde aktarabilirsiniz. \u0130ster yeni ba\u015flayan ister deneyimli bir profesyonel olun, \u015fablonlar\u0131m\u0131z zamandan tasarruf etmenize ve herhangi bir kodlama bilgisi olmadan \u00e7arp\u0131c\u0131 web siteleri olu\u015fturman\u0131za yard\u0131mc\u0131 olabilir. [&hellip;]<\/p>\n","protected":false},"featured_media":13221,"comment_status":"open","ping_status":"closed","template":"","meta":[],"product_brand":[],"product_cat":[1413],"product_tag":[2287,1529,2285,2283],"class_list":{"0":"post-14016","1":"product","2":"type-product","3":"status-publish","4":"has-post-thumbnail","6":"product_cat-eklentiler","7":"product_tag-baslangic","8":"product_tag-bloklar","9":"product_tag-desenleri","10":"product_tag-sablonlar","12":"first","13":"instock","14":"downloadable","15":"virtual","16":"product-type-simple"},"_links":{"self":[{"href":"https:\/\/hexexist.com\/tr\/wp-json\/wp\/v2\/product\/14016","targetHints":{"allow":["GET"]}}],"collection":[{"href":"https:\/\/hexexist.com\/tr\/wp-json\/wp\/v2\/product"}],"about":[{"href":"https:\/\/hexexist.com\/tr\/wp-json\/wp\/v2\/types\/product"}],"replies":[{"embeddable":true,"href":"https:\/\/hexexist.com\/tr\/wp-json\/wp\/v2\/comments?post=14016"}],"wp:featuredmedia":[{"embeddable":true,"href":"https:\/\/hexexist.com\/tr\/wp-json\/wp\/v2\/media\/13221"}],"wp:attachment":[{"href":"https:\/\/hexexist.com\/tr\/wp-json\/wp\/v2\/media?parent=14016"}],"wp:term":[{"taxonomy":"product_brand","embeddable":true,"href":"https:\/\/hexexist.com\/tr\/wp-json\/wp\/v2\/product_brand?post=14016"},{"taxonomy":"product_cat","embeddable":true,"href":"https:\/\/hexexist.com\/tr\/wp-json\/wp\/v2\/product_cat?post=14016"},{"taxonomy":"product_tag","embeddable":true,"href":"https:\/\/hexexist.com\/tr\/wp-json\/wp\/v2\/product_tag?post=14016"}],"curies":[{"name":"wp","href":"https:\/\/api.w.org\/{rel}","templated":true}]}}