{"id":14017,"date":"2025-10-09T09:50:28","date_gmt":"2025-10-09T09:50:28","guid":{"rendered":"http:\/\/hexexist.com\/product\/yapiskan-cubugum-yuzen-bildirim-cubugu-ve-yapiskan-baslik-eski-adiyla-mystickymenu\/"},"modified":"2025-10-09T09:50:28","modified_gmt":"2025-10-09T09:50:28","slug":"yapiskan-cubugum-yuzen-bildirim-cubugu-ve-yapiskan-baslik-eski-adiyla-mystickymenu","status":"publish","type":"product","link":"https:\/\/hexexist.com\/tr\/urun\/yapiskan-cubugum-yuzen-bildirim-cubugu-ve-yapiskan-baslik-eski-adiyla-mystickymenu\/","title":{"rendered":"Yap\u0131\u015fkan \u00c7ubu\u011fum Y\u00fczen Bildirim \u00c7ubu\u011fu ve Yap\u0131\u015fkan Ba\u015fl\u0131k (eski ad\u0131yla myStickymenu)"},"content":{"rendered":"<p>Destek | Demo | \u00d6nerilen Eklentiler | Pro&#8217;ya Y\u00fckseltme \u2b50<\/p>\n","protected":false},"excerpt":{"rendered":"<p>Destek | Demo | \u00d6nerilen Eklentiler | Pro&#8217;ya Y\u00fckseltme \u2b50<\/p>\n","protected":false},"featured_media":13216,"comment_status":"open","ping_status":"closed","template":"","meta":[],"product_brand":[],"product_cat":[1413],"product_tag":[2286,1793,2288,1796,2284],"class_list":{"0":"post-14017","1":"product","2":"type-product","3":"status-publish","4":"has-post-thumbnail","6":"product_cat-eklentiler","7":"product_tag-bildirim-cubugu","8":"product_tag-yapiskan-baslik","9":"product_tag-yapiskan-cubuk","10":"product_tag-yapiskan-menu","11":"product_tag-yuzen-bar","13":"first","14":"instock","15":"downloadable","16":"virtual","17":"product-type-simple"},"_links":{"self":[{"href":"https:\/\/hexexist.com\/tr\/wp-json\/wp\/v2\/product\/14017","targetHints":{"allow":["GET"]}}],"collection":[{"href":"https:\/\/hexexist.com\/tr\/wp-json\/wp\/v2\/product"}],"about":[{"href":"https:\/\/hexexist.com\/tr\/wp-json\/wp\/v2\/types\/product"}],"replies":[{"embeddable":true,"href":"https:\/\/hexexist.com\/tr\/wp-json\/wp\/v2\/comments?post=14017"}],"wp:featuredmedia":[{"embeddable":true,"href":"https:\/\/hexexist.com\/tr\/wp-json\/wp\/v2\/media\/13216"}],"wp:attachment":[{"href":"https:\/\/hexexist.com\/tr\/wp-json\/wp\/v2\/media?parent=14017"}],"wp:term":[{"taxonomy":"product_brand","embeddable":true,"href":"https:\/\/hexexist.com\/tr\/wp-json\/wp\/v2\/product_brand?post=14017"},{"taxonomy":"product_cat","embeddable":true,"href":"https:\/\/hexexist.com\/tr\/wp-json\/wp\/v2\/product_cat?post=14017"},{"taxonomy":"product_tag","embeddable":true,"href":"https:\/\/hexexist.com\/tr\/wp-json\/wp\/v2\/product_tag?post=14017"}],"curies":[{"name":"wp","href":"https:\/\/api.w.org\/{rel}","templated":true}]}}