{"id":14018,"date":"2025-10-09T09:50:28","date_gmt":"2025-10-09T09:50:28","guid":{"rendered":"http:\/\/hexexist.com\/product\/dize-konumlandirici\/"},"modified":"2025-10-09T09:50:28","modified_gmt":"2025-10-09T09:50:28","slug":"dize-konumlandirici","status":"publish","type":"product","link":"https:\/\/hexexist.com\/tr\/urun\/dize-konumlandirici\/","title":{"rendered":"Dize konumland\u0131r\u0131c\u0131"},"content":{"rendered":"<p>Temalar ve eklentiler \u00fczerinde \u00e7al\u0131\u015f\u0131rken, genellikle dosyalara kodlanm\u0131\u015f gibi g\u00f6r\u00fcnen bir metin par\u00e7as\u0131 fark edersiniz, onu de\u011fi\u015ftirmeniz gerekir, ancak hangi temada veya eklentide oldu\u011funu ve kesinlikle hangi dosyaya bakaca\u011f\u0131n\u0131z\u0131 bilemezsiniz.<\/p>\n","protected":false},"excerpt":{"rendered":"<p>Temalar ve eklentiler \u00fczerinde \u00e7al\u0131\u015f\u0131rken, genellikle dosyalara kodlanm\u0131\u015f gibi g\u00f6r\u00fcnen bir metin par\u00e7as\u0131 fark edersiniz, onu de\u011fi\u015ftirmeniz gerekir, ancak hangi temada veya eklentide oldu\u011funu ve kesinlikle hangi dosyaya bakaca\u011f\u0131n\u0131z\u0131 bilemezsiniz.<\/p>\n","protected":false},"featured_media":13220,"comment_status":"open","ping_status":"closed","template":"","meta":[],"product_brand":[],"product_cat":[1413],"product_tag":[1544,2289,2295,2293,2291],"class_list":{"0":"post-14018","1":"product","2":"type-product","3":"status-publish","4":"has-post-thumbnail","6":"product_cat-eklentiler","7":"product_tag-arama","8":"product_tag-bulmak","9":"product_tag-metin","10":"product_tag-sozdizimi","11":"product_tag-vurgulama","13":"first","14":"instock","15":"downloadable","16":"virtual","17":"product-type-simple"},"_links":{"self":[{"href":"https:\/\/hexexist.com\/tr\/wp-json\/wp\/v2\/product\/14018","targetHints":{"allow":["GET"]}}],"collection":[{"href":"https:\/\/hexexist.com\/tr\/wp-json\/wp\/v2\/product"}],"about":[{"href":"https:\/\/hexexist.com\/tr\/wp-json\/wp\/v2\/types\/product"}],"replies":[{"embeddable":true,"href":"https:\/\/hexexist.com\/tr\/wp-json\/wp\/v2\/comments?post=14018"}],"wp:featuredmedia":[{"embeddable":true,"href":"https:\/\/hexexist.com\/tr\/wp-json\/wp\/v2\/media\/13220"}],"wp:attachment":[{"href":"https:\/\/hexexist.com\/tr\/wp-json\/wp\/v2\/media?parent=14018"}],"wp:term":[{"taxonomy":"product_brand","embeddable":true,"href":"https:\/\/hexexist.com\/tr\/wp-json\/wp\/v2\/product_brand?post=14018"},{"taxonomy":"product_cat","embeddable":true,"href":"https:\/\/hexexist.com\/tr\/wp-json\/wp\/v2\/product_cat?post=14018"},{"taxonomy":"product_tag","embeddable":true,"href":"https:\/\/hexexist.com\/tr\/wp-json\/wp\/v2\/product_tag?post=14018"}],"curies":[{"name":"wp","href":"https:\/\/api.w.org\/{rel}","templated":true}]}}