{"id":14019,"date":"2025-10-09T09:50:29","date_gmt":"2025-10-09T09:50:29","guid":{"rendered":"http:\/\/hexexist.com\/product\/xml-rpc-apiyi-devre-disi-birak\/"},"modified":"2025-10-09T09:50:29","modified_gmt":"2025-10-09T09:50:29","slug":"xml-rpc-apiyi-devre-disi-birak","status":"publish","type":"product","link":"https:\/\/hexexist.com\/tr\/urun\/xml-rpc-apiyi-devre-disi-birak\/","title":{"rendered":"XML-RPC-API&#8217;yi devre d\u0131\u015f\u0131 b\u0131rak"},"content":{"rendered":"<p>Web sitenizi xmlrpc brute-force sald\u0131r\u0131lar\u0131ndan, DOS ve DDOS sald\u0131r\u0131lar\u0131ndan koruyan bu eklenti, WordPress web sitenizdeki XML-RPC ve geri izleme-geri g\u00f6ndermeleri devre d\u0131\u015f\u0131 b\u0131rak\u0131r.<\/p>\n","protected":false},"excerpt":{"rendered":"<p>Web sitenizi xmlrpc brute-force sald\u0131r\u0131lar\u0131ndan, DOS ve DDOS sald\u0131r\u0131lar\u0131ndan koruyan bu eklenti, WordPress web sitenizdeki XML-RPC ve geri izleme-geri g\u00f6ndermeleri devre d\u0131\u015f\u0131 b\u0131rak\u0131r.<\/p>\n","protected":false},"featured_media":13227,"comment_status":"open","ping_status":"closed","template":"","meta":[],"product_brand":[],"product_cat":[1413],"product_tag":[2290,2292,2076,2294],"class_list":{"0":"post-14019","1":"product","2":"type-product","3":"status-publish","4":"has-post-thumbnail","6":"product_cat-eklentiler","7":"product_tag-pingback-tr","8":"product_tag-xml-rpcyi-devre-disi-birak","9":"product_tag-xmlrpc-tr","10":"product_tag-xmlrpcyi-devre-disi-birak","12":"first","13":"instock","14":"downloadable","15":"virtual","16":"product-type-simple"},"_links":{"self":[{"href":"https:\/\/hexexist.com\/tr\/wp-json\/wp\/v2\/product\/14019","targetHints":{"allow":["GET"]}}],"collection":[{"href":"https:\/\/hexexist.com\/tr\/wp-json\/wp\/v2\/product"}],"about":[{"href":"https:\/\/hexexist.com\/tr\/wp-json\/wp\/v2\/types\/product"}],"replies":[{"embeddable":true,"href":"https:\/\/hexexist.com\/tr\/wp-json\/wp\/v2\/comments?post=14019"}],"wp:featuredmedia":[{"embeddable":true,"href":"https:\/\/hexexist.com\/tr\/wp-json\/wp\/v2\/media\/13227"}],"wp:attachment":[{"href":"https:\/\/hexexist.com\/tr\/wp-json\/wp\/v2\/media?parent=14019"}],"wp:term":[{"taxonomy":"product_brand","embeddable":true,"href":"https:\/\/hexexist.com\/tr\/wp-json\/wp\/v2\/product_brand?post=14019"},{"taxonomy":"product_cat","embeddable":true,"href":"https:\/\/hexexist.com\/tr\/wp-json\/wp\/v2\/product_cat?post=14019"},{"taxonomy":"product_tag","embeddable":true,"href":"https:\/\/hexexist.com\/tr\/wp-json\/wp\/v2\/product_tag?post=14019"}],"curies":[{"name":"wp","href":"https:\/\/api.w.org\/{rel}","templated":true}]}}