{"id":14020,"date":"2025-10-09T09:50:29","date_gmt":"2025-10-09T09:50:29","guid":{"rendered":"http:\/\/hexexist.com\/product\/ozel-kenar-cubuklari-dinamik-kenar-cubugu-klasik-widget-alan-yoneticisi\/"},"modified":"2025-10-09T09:50:29","modified_gmt":"2025-10-09T09:50:29","slug":"ozel-kenar-cubuklari-dinamik-kenar-cubugu-klasik-widget-alan-yoneticisi","status":"publish","type":"product","link":"https:\/\/hexexist.com\/tr\/urun\/ozel-kenar-cubuklari-dinamik-kenar-cubugu-klasik-widget-alan-yoneticisi\/","title":{"rendered":"\u00d6zel Kenar \u00c7ubuklar\u0131 Dinamik Kenar \u00c7ubu\u011fu Klasik Widget Alan Y\u00f6neticisi"},"content":{"rendered":"<p>Esnek bir widget alan\u0131 y\u00f6neticisi olan Custom Sidebars ile sitenizdeki kenar \u00e7ubuklar\u0131n\u0131 ve di\u011fer klasik widget alanlar\u0131n\u0131 y\u00f6netin ve de\u011fi\u015ftirin.<\/p>\n","protected":false},"excerpt":{"rendered":"<p>Esnek bir widget alan\u0131 y\u00f6neticisi olan Custom Sidebars ile sitenizdeki kenar \u00e7ubuklar\u0131n\u0131 ve di\u011fer klasik widget alanlar\u0131n\u0131 y\u00f6netin ve de\u011fi\u015ftirin.<\/p>\n","protected":false},"featured_media":13226,"comment_status":"open","ping_status":"closed","template":"","meta":[],"product_brand":[],"product_cat":[1413],"product_tag":[2296,1895,2197,2031,1427],"class_list":{"0":"post-14020","1":"product","2":"type-product","3":"status-publish","4":"has-post-thumbnail","6":"product_cat-eklentiler","7":"product_tag-dinamik-widgetlar","8":"product_tag-kenar-cubugu","9":"product_tag-klasik-widgetlar","10":"product_tag-ozel-kenar-cubugu","11":"product_tag-widget-tr","13":"first","14":"instock","15":"downloadable","16":"virtual","17":"product-type-simple"},"_links":{"self":[{"href":"https:\/\/hexexist.com\/tr\/wp-json\/wp\/v2\/product\/14020","targetHints":{"allow":["GET"]}}],"collection":[{"href":"https:\/\/hexexist.com\/tr\/wp-json\/wp\/v2\/product"}],"about":[{"href":"https:\/\/hexexist.com\/tr\/wp-json\/wp\/v2\/types\/product"}],"replies":[{"embeddable":true,"href":"https:\/\/hexexist.com\/tr\/wp-json\/wp\/v2\/comments?post=14020"}],"wp:featuredmedia":[{"embeddable":true,"href":"https:\/\/hexexist.com\/tr\/wp-json\/wp\/v2\/media\/13226"}],"wp:attachment":[{"href":"https:\/\/hexexist.com\/tr\/wp-json\/wp\/v2\/media?parent=14020"}],"wp:term":[{"taxonomy":"product_brand","embeddable":true,"href":"https:\/\/hexexist.com\/tr\/wp-json\/wp\/v2\/product_brand?post=14020"},{"taxonomy":"product_cat","embeddable":true,"href":"https:\/\/hexexist.com\/tr\/wp-json\/wp\/v2\/product_cat?post=14020"},{"taxonomy":"product_tag","embeddable":true,"href":"https:\/\/hexexist.com\/tr\/wp-json\/wp\/v2\/product_tag?post=14020"}],"curies":[{"name":"wp","href":"https:\/\/api.w.org\/{rel}","templated":true}]}}