{"id":14021,"date":"2025-10-09T09:50:28","date_gmt":"2025-10-09T09:50:28","guid":{"rendered":"http:\/\/hexexist.com\/product\/squirrly-seo-tarafindan-seo-eklentisi\/"},"modified":"2025-10-09T09:50:28","modified_gmt":"2025-10-09T09:50:28","slug":"squirrly-seo-tarafindan-seo-eklentisi","status":"publish","type":"product","link":"https:\/\/hexexist.com\/tr\/urun\/squirrly-seo-tarafindan-seo-eklentisi\/","title":{"rendered":"Squirrly SEO taraf\u0131ndan SEO Eklentisi"},"content":{"rendered":"<p>Zor i\u015fleri sizin i\u00e7in yapan tescilli teknoloji sayesinde siz de en iyi kazan\u00e7lar\u0131n\u0131za odaklanabilirsiniz.<\/p>\n","protected":false},"excerpt":{"rendered":"<p>Zor i\u015fleri sizin i\u00e7in yapan tescilli teknoloji sayesinde siz de en iyi kazan\u00e7lar\u0131n\u0131za odaklanabilirsiniz.<\/p>\n","protected":false},"featured_media":13219,"comment_status":"open","ping_status":"closed","template":"","meta":[],"product_brand":[],"product_cat":[1413],"product_tag":[2240,2171,1583,2242,1897],"class_list":{"0":"post-14021","1":"product","2":"type-product","3":"status-publish","4":"has-post-thumbnail","6":"product_cat-eklentiler","7":"product_tag-google-arama-konsolu","8":"product_tag-sema","9":"product_tag-seo-tr","10":"product_tag-xml-site-haritasi","11":"product_tag-yapay-zeka","13":"first","14":"instock","15":"downloadable","16":"virtual","17":"product-type-simple"},"_links":{"self":[{"href":"https:\/\/hexexist.com\/tr\/wp-json\/wp\/v2\/product\/14021","targetHints":{"allow":["GET"]}}],"collection":[{"href":"https:\/\/hexexist.com\/tr\/wp-json\/wp\/v2\/product"}],"about":[{"href":"https:\/\/hexexist.com\/tr\/wp-json\/wp\/v2\/types\/product"}],"replies":[{"embeddable":true,"href":"https:\/\/hexexist.com\/tr\/wp-json\/wp\/v2\/comments?post=14021"}],"wp:featuredmedia":[{"embeddable":true,"href":"https:\/\/hexexist.com\/tr\/wp-json\/wp\/v2\/media\/13219"}],"wp:attachment":[{"href":"https:\/\/hexexist.com\/tr\/wp-json\/wp\/v2\/media?parent=14021"}],"wp:term":[{"taxonomy":"product_brand","embeddable":true,"href":"https:\/\/hexexist.com\/tr\/wp-json\/wp\/v2\/product_brand?post=14021"},{"taxonomy":"product_cat","embeddable":true,"href":"https:\/\/hexexist.com\/tr\/wp-json\/wp\/v2\/product_cat?post=14021"},{"taxonomy":"product_tag","embeddable":true,"href":"https:\/\/hexexist.com\/tr\/wp-json\/wp\/v2\/product_tag?post=14021"}],"curies":[{"name":"wp","href":"https:\/\/api.w.org\/{rel}","templated":true}]}}