{"id":14022,"date":"2025-10-09T09:50:29","date_gmt":"2025-10-09T09:50:29","guid":{"rendered":"http:\/\/hexexist.com\/product\/ozel-kalici-baglantilar\/"},"modified":"2025-10-09T09:50:29","modified_gmt":"2025-10-09T09:50:29","slug":"ozel-kalici-baglantilar","status":"publish","type":"product","link":"https:\/\/hexexist.com\/tr\/urun\/ozel-kalici-baglantilar\/","title":{"rendered":"\u00d6zel Kal\u0131c\u0131 Ba\u011flant\u0131lar"},"content":{"rendered":"<p>WordPress sitenizin URL&#8217;lerinin kontrol\u00fcn\u00fc ele almak m\u0131 istiyorsunuz? \u00d6zel Kal\u0131c\u0131 Ba\u011flant\u0131lar eklentisi size herhangi bir yaz\u0131, sayfa, etiket veya kategori i\u00e7in benzersiz, \u00f6zel URL&#8217;ler belirleme g\u00fcc\u00fc verir. Bu, WordPress&#8217;in varsay\u0131lan ayarlar\u0131yla s\u0131n\u0131rl\u0131 kalmak yerine sitenizin yap\u0131s\u0131n\u0131 tam olarak hayal etti\u011finiz \u015fekilde tasarlayabilece\u011finiz anlam\u0131na gelir. \u00d6zel bir kal\u0131c\u0131 ba\u011flant\u0131 ayarlad\u0131\u011f\u0131n\u0131zda, orijinal g\u00f6nderi URL&#8217;si otomatik olarak yeni, \u00f6zelle\u015ftirilmi\u015f URL&#8217;nize y\u00f6nlendirilecektir.   <\/p>\n","protected":false},"excerpt":{"rendered":"<p>WordPress sitenizin URL&#8217;lerinin kontrol\u00fcn\u00fc ele almak m\u0131 istiyorsunuz? \u00d6zel Kal\u0131c\u0131 Ba\u011flant\u0131lar eklentisi size herhangi bir yaz\u0131, sayfa, etiket veya kategori i\u00e7in benzersiz, \u00f6zel URL&#8217;ler belirleme g\u00fcc\u00fc verir. Bu, WordPress&#8217;in varsay\u0131lan ayarlar\u0131yla s\u0131n\u0131rl\u0131 kalmak yerine sitenizin yap\u0131s\u0131n\u0131 tam olarak hayal etti\u011finiz \u015fekilde tasarlayabilece\u011finiz anlam\u0131na gelir. \u00d6zel bir kal\u0131c\u0131 ba\u011flant\u0131 ayarlad\u0131\u011f\u0131n\u0131zda, orijinal g\u00f6nderi URL&#8217;si otomatik olarak yeni, [&hellip;]<\/p>\n","protected":false},"featured_media":13225,"comment_status":"open","ping_status":"closed","template":"","meta":[],"product_brand":[],"product_cat":[1413],"product_tag":[2297,2299,1965,1597,1593],"class_list":{"0":"post-14022","1":"product","2":"type-product","3":"status-publish","4":"has-post-thumbnail","6":"product_cat-eklentiler","7":"product_tag-adres","8":"product_tag-link-tr","9":"product_tag-permalink-tr","10":"product_tag-url-tr","11":"product_tag-yonlendirme","13":"first","14":"instock","15":"downloadable","16":"virtual","17":"product-type-simple"},"_links":{"self":[{"href":"https:\/\/hexexist.com\/tr\/wp-json\/wp\/v2\/product\/14022","targetHints":{"allow":["GET"]}}],"collection":[{"href":"https:\/\/hexexist.com\/tr\/wp-json\/wp\/v2\/product"}],"about":[{"href":"https:\/\/hexexist.com\/tr\/wp-json\/wp\/v2\/types\/product"}],"replies":[{"embeddable":true,"href":"https:\/\/hexexist.com\/tr\/wp-json\/wp\/v2\/comments?post=14022"}],"wp:featuredmedia":[{"embeddable":true,"href":"https:\/\/hexexist.com\/tr\/wp-json\/wp\/v2\/media\/13225"}],"wp:attachment":[{"href":"https:\/\/hexexist.com\/tr\/wp-json\/wp\/v2\/media?parent=14022"}],"wp:term":[{"taxonomy":"product_brand","embeddable":true,"href":"https:\/\/hexexist.com\/tr\/wp-json\/wp\/v2\/product_brand?post=14022"},{"taxonomy":"product_cat","embeddable":true,"href":"https:\/\/hexexist.com\/tr\/wp-json\/wp\/v2\/product_cat?post=14022"},{"taxonomy":"product_tag","embeddable":true,"href":"https:\/\/hexexist.com\/tr\/wp-json\/wp\/v2\/product_tag?post=14022"}],"curies":[{"name":"wp","href":"https:\/\/api.w.org\/{rel}","templated":true}]}}