{"id":14023,"date":"2025-10-09T09:50:28","date_gmt":"2025-10-09T09:50:28","guid":{"rendered":"http:\/\/hexexist.com\/product\/robin-goruntu-iyilestirici-goruntu-sikistirmada-tasarruf-edin\/"},"modified":"2025-10-09T09:50:28","modified_gmt":"2025-10-09T09:50:28","slug":"robin-goruntu-iyilestirici-goruntu-sikistirmada-tasarruf-edin","status":"publish","type":"product","link":"https:\/\/hexexist.com\/tr\/urun\/robin-goruntu-iyilestirici-goruntu-sikistirmada-tasarruf-edin\/","title":{"rendered":"Robin g\u00f6r\u00fcnt\u00fc iyile\u015ftirici ? g\u00f6r\u00fcnt\u00fc s\u0131k\u0131\u015ft\u0131rmada tasarruf edin"},"content":{"rendered":"<p>\u00dcCRETS\u0130Z deste\u011fe ba\u015flay\u0131n PREMIUM deste\u011fe ba\u015flay\u0131n<\/p>\n","protected":false},"excerpt":{"rendered":"<p>\u00dcCRETS\u0130Z deste\u011fe ba\u015flay\u0131n PREMIUM deste\u011fe ba\u015flay\u0131n<\/p>\n","protected":false},"featured_media":13218,"comment_status":"open","ping_status":"closed","template":"","meta":[],"product_brand":[],"product_cat":[1413],"product_tag":[2176,1596,2178,2298,2179],"class_list":{"0":"post-14023","1":"product","2":"type-product","3":"status-publish","4":"has-post-thumbnail","6":"product_cat-eklentiler","7":"product_tag-goruntu-optimizasyonu","8":"product_tag-image-tr","9":"product_tag-optimize-edici","10":"product_tag-resmush-it-tr","11":"product_tag-smush-tr","13":"first","14":"instock","15":"downloadable","16":"virtual","17":"product-type-simple"},"_links":{"self":[{"href":"https:\/\/hexexist.com\/tr\/wp-json\/wp\/v2\/product\/14023","targetHints":{"allow":["GET"]}}],"collection":[{"href":"https:\/\/hexexist.com\/tr\/wp-json\/wp\/v2\/product"}],"about":[{"href":"https:\/\/hexexist.com\/tr\/wp-json\/wp\/v2\/types\/product"}],"replies":[{"embeddable":true,"href":"https:\/\/hexexist.com\/tr\/wp-json\/wp\/v2\/comments?post=14023"}],"wp:featuredmedia":[{"embeddable":true,"href":"https:\/\/hexexist.com\/tr\/wp-json\/wp\/v2\/media\/13218"}],"wp:attachment":[{"href":"https:\/\/hexexist.com\/tr\/wp-json\/wp\/v2\/media?parent=14023"}],"wp:term":[{"taxonomy":"product_brand","embeddable":true,"href":"https:\/\/hexexist.com\/tr\/wp-json\/wp\/v2\/product_brand?post=14023"},{"taxonomy":"product_cat","embeddable":true,"href":"https:\/\/hexexist.com\/tr\/wp-json\/wp\/v2\/product_cat?post=14023"},{"taxonomy":"product_tag","embeddable":true,"href":"https:\/\/hexexist.com\/tr\/wp-json\/wp\/v2\/product_tag?post=14023"}],"curies":[{"name":"wp","href":"https:\/\/api.w.org\/{rel}","templated":true}]}}