{"id":14024,"date":"2025-10-09T09:49:49","date_gmt":"2025-10-09T09:49:49","guid":{"rendered":"http:\/\/hexexist.com\/product\/omgf-gdpr-dsgvo-uyumlu-daha-hizli-google-yazi-tipleri-kolay\/"},"modified":"2025-10-09T09:49:49","modified_gmt":"2025-10-09T09:49:49","slug":"omgf-gdpr-dsgvo-uyumlu-daha-hizli-google-yazi-tipleri-kolay","status":"publish","type":"product","link":"https:\/\/hexexist.com\/tr\/urun\/omgf-gdpr-dsgvo-uyumlu-daha-hizli-google-yazi-tipleri-kolay\/","title":{"rendered":"OMGF | GDPR\/DSGVO Uyumlu, Daha H\u0131zl\u0131 Google Yaz\u0131 Tipleri. Kolay."},"content":{"rendered":"<p>OMGF, resmi WordPress deposundan herhangi bir \u00fccretli abonelik olmadan \u00fccretsiz olarak indirilebilir.<\/p>\n","protected":false},"excerpt":{"rendered":"<p>OMGF, resmi WordPress deposundan herhangi bir \u00fccretli abonelik olmadan \u00fccretsiz olarak indirilebilir.<\/p>\n","protected":false},"featured_media":13035,"comment_status":"open","ping_status":"closed","template":"","meta":[],"product_brand":[],"product_cat":[1413],"product_tag":[2231,1462,1502,1627,2272],"class_list":{"0":"post-14024","1":"product","2":"type-product","3":"status-publish","4":"has-post-thumbnail","6":"product_cat-eklentiler","7":"product_tag-dsgvo-tr","8":"product_tag-gdpr-tr","9":"product_tag-google-tr","10":"product_tag-onbellek","11":"product_tag-yazi-tipleri","13":"first","14":"instock","15":"downloadable","16":"virtual","17":"product-type-simple"},"_links":{"self":[{"href":"https:\/\/hexexist.com\/tr\/wp-json\/wp\/v2\/product\/14024","targetHints":{"allow":["GET"]}}],"collection":[{"href":"https:\/\/hexexist.com\/tr\/wp-json\/wp\/v2\/product"}],"about":[{"href":"https:\/\/hexexist.com\/tr\/wp-json\/wp\/v2\/types\/product"}],"replies":[{"embeddable":true,"href":"https:\/\/hexexist.com\/tr\/wp-json\/wp\/v2\/comments?post=14024"}],"wp:featuredmedia":[{"embeddable":true,"href":"https:\/\/hexexist.com\/tr\/wp-json\/wp\/v2\/media\/13035"}],"wp:attachment":[{"href":"https:\/\/hexexist.com\/tr\/wp-json\/wp\/v2\/media?parent=14024"}],"wp:term":[{"taxonomy":"product_brand","embeddable":true,"href":"https:\/\/hexexist.com\/tr\/wp-json\/wp\/v2\/product_brand?post=14024"},{"taxonomy":"product_cat","embeddable":true,"href":"https:\/\/hexexist.com\/tr\/wp-json\/wp\/v2\/product_cat?post=14024"},{"taxonomy":"product_tag","embeddable":true,"href":"https:\/\/hexexist.com\/tr\/wp-json\/wp\/v2\/product_tag?post=14024"}],"curies":[{"name":"wp","href":"https:\/\/api.w.org\/{rel}","templated":true}]}}