{"id":14025,"date":"2025-10-09T09:49:48","date_gmt":"2025-10-09T09:49:48","guid":{"rendered":"http:\/\/hexexist.com\/product\/complianz-hukum-ve-kosullari\/"},"modified":"2025-10-09T09:49:48","modified_gmt":"2025-10-09T09:49:48","slug":"complianz-hukum-ve-kosullari","status":"publish","type":"product","link":"https:\/\/hexexist.com\/tr\/urun\/complianz-hukum-ve-kosullari\/","title":{"rendered":"Complianz H\u00fck\u00fcm ve Ko\u015fullar\u0131"},"content":{"rendered":"<p>Complianz H\u00fck\u00fcm ve Ko\u015fullar\u0131, Complianz&#8217;\u0131n ba\u011f\u0131ms\u0131z bir eklentisidir. Basit, ancak derinlemesine bir sihirbaz, web siteniz veya m\u00fc\u015fterileriniz i\u00e7in bir H\u00fck\u00fcm ve Ko\u015fullar sayfas\u0131 yap\u0131land\u0131racakt\u0131r. <\/p>\n","protected":false},"excerpt":{"rendered":"<p>Complianz H\u00fck\u00fcm ve Ko\u015fullar\u0131, Complianz&#8217;\u0131n ba\u011f\u0131ms\u0131z bir eklentisidir. Basit, ancak derinlemesine bir sihirbaz, web siteniz veya m\u00fc\u015fterileriniz i\u00e7in bir H\u00fck\u00fcm ve Ko\u015fullar sayfas\u0131 yap\u0131land\u0131racakt\u0131r.<\/p>\n","protected":false},"featured_media":13030,"comment_status":"open","ping_status":"closed","template":"","meta":[],"product_brand":[],"product_cat":[1413],"product_tag":[2300,2302,2303,2304,2301],"class_list":{"0":"post-14025","1":"product","2":"type-product","3":"status-publish","4":"has-post-thumbnail","6":"product_cat-eklentiler","7":"product_tag-kosullar","8":"product_tag-sartlar","9":"product_tag-sartlar-ve-kosullar","10":"product_tag-webshop-tr","11":"product_tag-yasal","13":"first","14":"instock","15":"downloadable","16":"virtual","17":"product-type-simple"},"_links":{"self":[{"href":"https:\/\/hexexist.com\/tr\/wp-json\/wp\/v2\/product\/14025","targetHints":{"allow":["GET"]}}],"collection":[{"href":"https:\/\/hexexist.com\/tr\/wp-json\/wp\/v2\/product"}],"about":[{"href":"https:\/\/hexexist.com\/tr\/wp-json\/wp\/v2\/types\/product"}],"replies":[{"embeddable":true,"href":"https:\/\/hexexist.com\/tr\/wp-json\/wp\/v2\/comments?post=14025"}],"wp:featuredmedia":[{"embeddable":true,"href":"https:\/\/hexexist.com\/tr\/wp-json\/wp\/v2\/media\/13030"}],"wp:attachment":[{"href":"https:\/\/hexexist.com\/tr\/wp-json\/wp\/v2\/media?parent=14025"}],"wp:term":[{"taxonomy":"product_brand","embeddable":true,"href":"https:\/\/hexexist.com\/tr\/wp-json\/wp\/v2\/product_brand?post=14025"},{"taxonomy":"product_cat","embeddable":true,"href":"https:\/\/hexexist.com\/tr\/wp-json\/wp\/v2\/product_cat?post=14025"},{"taxonomy":"product_tag","embeddable":true,"href":"https:\/\/hexexist.com\/tr\/wp-json\/wp\/v2\/product_tag?post=14025"}],"curies":[{"name":"wp","href":"https:\/\/api.w.org\/{rel}","templated":true}]}}