{"id":14026,"date":"2025-10-09T09:49:49","date_gmt":"2025-10-09T09:49:49","guid":{"rendered":"http:\/\/hexexist.com\/product\/kucuk-resimleri-yeniden-olusturmaya-zorla\/"},"modified":"2025-10-09T09:49:49","modified_gmt":"2025-10-09T09:49:49","slug":"kucuk-resimleri-yeniden-olusturmaya-zorla","status":"publish","type":"product","link":"https:\/\/hexexist.com\/tr\/urun\/kucuk-resimleri-yeniden-olusturmaya-zorla\/","title":{"rendered":"K\u00fc\u00e7\u00fck Resimleri Yeniden Olu\u015fturmaya Zorla"},"content":{"rendered":"<p>K\u00fc\u00e7\u00fck Resimleri Yeniden Olu\u015fturmaya Zorla, t\u00fcm eski resim boyutlar\u0131n\u0131 silmenize ve y\u00fcklemeleriniz i\u00e7in k\u00fc\u00e7\u00fck resimleri GER\u00c7EKTEN yeniden olu\u015fturman\u0131za olanak tan\u0131r.<\/p>\n","protected":false},"excerpt":{"rendered":"<p>K\u00fc\u00e7\u00fck Resimleri Yeniden Olu\u015fturmaya Zorla, t\u00fcm eski resim boyutlar\u0131n\u0131 silmenize ve y\u00fcklemeleriniz i\u00e7in k\u00fc\u00e7\u00fck resimleri GER\u00c7EKTEN yeniden olu\u015fturman\u0131za olanak tan\u0131r.<\/p>\n","protected":false},"featured_media":13034,"comment_status":"open","ping_status":"closed","template":"","meta":[],"product_brand":[],"product_cat":[1413],"product_tag":[2305,2306,2309,2308],"class_list":{"0":"post-14026","1":"product","2":"type-product","3":"status-publish","4":"has-post-thumbnail","6":"product_cat-eklentiler","7":"product_tag-kucuk-resim","8":"product_tag-kucuk-resimler","9":"product_tag-kucuk-resimleri-yeniden-olustur","10":"product_tag-kuvvet","12":"first","13":"instock","14":"downloadable","15":"virtual","16":"product-type-simple"},"_links":{"self":[{"href":"https:\/\/hexexist.com\/tr\/wp-json\/wp\/v2\/product\/14026","targetHints":{"allow":["GET"]}}],"collection":[{"href":"https:\/\/hexexist.com\/tr\/wp-json\/wp\/v2\/product"}],"about":[{"href":"https:\/\/hexexist.com\/tr\/wp-json\/wp\/v2\/types\/product"}],"replies":[{"embeddable":true,"href":"https:\/\/hexexist.com\/tr\/wp-json\/wp\/v2\/comments?post=14026"}],"wp:featuredmedia":[{"embeddable":true,"href":"https:\/\/hexexist.com\/tr\/wp-json\/wp\/v2\/media\/13034"}],"wp:attachment":[{"href":"https:\/\/hexexist.com\/tr\/wp-json\/wp\/v2\/media?parent=14026"}],"wp:term":[{"taxonomy":"product_brand","embeddable":true,"href":"https:\/\/hexexist.com\/tr\/wp-json\/wp\/v2\/product_brand?post=14026"},{"taxonomy":"product_cat","embeddable":true,"href":"https:\/\/hexexist.com\/tr\/wp-json\/wp\/v2\/product_cat?post=14026"},{"taxonomy":"product_tag","embeddable":true,"href":"https:\/\/hexexist.com\/tr\/wp-json\/wp\/v2\/product_tag?post=14026"}],"curies":[{"name":"wp","href":"https:\/\/api.w.org\/{rel}","templated":true}]}}