{"id":14027,"date":"2025-10-09T09:49:48","date_gmt":"2025-10-09T09:49:48","guid":{"rendered":"http:\/\/hexexist.com\/product\/aioseodan-kirik-baglanti-denetleyicisi-dahili-ve-harici-baglantilari-kolayca-duzeltin-izleyin\/"},"modified":"2025-10-09T09:49:48","modified_gmt":"2025-10-09T09:49:48","slug":"aioseodan-kirik-baglanti-denetleyicisi-dahili-ve-harici-baglantilari-kolayca-duzeltin-izleyin","status":"publish","type":"product","link":"https:\/\/hexexist.com\/tr\/urun\/aioseodan-kirik-baglanti-denetleyicisi-dahili-ve-harici-baglantilari-kolayca-duzeltin-izleyin\/","title":{"rendered":"AIOSEO&#8217;dan K\u0131r\u0131k Ba\u011flant\u0131 Denetleyicisi Dahili ve Harici Ba\u011flant\u0131lar\u0131 Kolayca D\u00fczeltin \/ \u0130zleyin"},"content":{"rendered":"<p>AIOSEO&#8217;nun K\u0131r\u0131k Ba\u011flant\u0131 Denetleyicisi, web sitenizdeki t\u00fcm ba\u011flant\u0131lar\u0131n \u00e7al\u0131\u015fmas\u0131n\u0131 sa\u011flar. Sitenizde k\u0131r\u0131k link olup olmad\u0131\u011f\u0131n\u0131 kontrol edin ve SEO&#8217;yu geli\u015ftirmek i\u00e7in bunlar\u0131 kolayca d\u00fczeltin. <\/p>\n","protected":false},"excerpt":{"rendered":"<p>AIOSEO&#8217;nun K\u0131r\u0131k Ba\u011flant\u0131 Denetleyicisi, web sitenizdeki t\u00fcm ba\u011flant\u0131lar\u0131n \u00e7al\u0131\u015fmas\u0131n\u0131 sa\u011flar. Sitenizde k\u0131r\u0131k link olup olmad\u0131\u011f\u0131n\u0131 kontrol edin ve SEO&#8217;yu geli\u015ftirmek i\u00e7in bunlar\u0131 kolayca d\u00fczeltin.<\/p>\n","protected":false},"featured_media":13029,"comment_status":"open","ping_status":"closed","template":"","meta":[],"product_brand":[],"product_cat":[1413],"product_tag":[2310,2311,2307,1583],"class_list":{"0":"post-14027","1":"product","2":"type-product","3":"status-publish","4":"has-post-thumbnail","6":"product_cat-eklentiler","7":"product_tag-harici-baglanti","8":"product_tag-ic-baglanti","9":"product_tag-kirik-linkler","10":"product_tag-seo-tr","12":"first","13":"instock","14":"downloadable","15":"virtual","16":"product-type-simple"},"_links":{"self":[{"href":"https:\/\/hexexist.com\/tr\/wp-json\/wp\/v2\/product\/14027","targetHints":{"allow":["GET"]}}],"collection":[{"href":"https:\/\/hexexist.com\/tr\/wp-json\/wp\/v2\/product"}],"about":[{"href":"https:\/\/hexexist.com\/tr\/wp-json\/wp\/v2\/types\/product"}],"replies":[{"embeddable":true,"href":"https:\/\/hexexist.com\/tr\/wp-json\/wp\/v2\/comments?post=14027"}],"wp:featuredmedia":[{"embeddable":true,"href":"https:\/\/hexexist.com\/tr\/wp-json\/wp\/v2\/media\/13029"}],"wp:attachment":[{"href":"https:\/\/hexexist.com\/tr\/wp-json\/wp\/v2\/media?parent=14027"}],"wp:term":[{"taxonomy":"product_brand","embeddable":true,"href":"https:\/\/hexexist.com\/tr\/wp-json\/wp\/v2\/product_brand?post=14027"},{"taxonomy":"product_cat","embeddable":true,"href":"https:\/\/hexexist.com\/tr\/wp-json\/wp\/v2\/product_cat?post=14027"},{"taxonomy":"product_tag","embeddable":true,"href":"https:\/\/hexexist.com\/tr\/wp-json\/wp\/v2\/product_tag?post=14027"}],"curies":[{"name":"wp","href":"https:\/\/api.w.org\/{rel}","templated":true}]}}