{"id":14028,"date":"2025-10-09T09:49:49","date_gmt":"2025-10-09T09:49:49","guid":{"rendered":"http:\/\/hexexist.com\/product\/realfavicongenerator-tarafindan-favicon\/"},"modified":"2025-10-09T09:49:49","modified_gmt":"2025-10-09T09:49:49","slug":"realfavicongenerator-tarafindan-favicon","status":"publish","type":"product","link":"https:\/\/hexexist.com\/tr\/urun\/realfavicongenerator-tarafindan-favicon\/","title":{"rendered":"RealFaviconGenerator taraf\u0131ndan Favicon"},"content":{"rendered":"<p>Masa\u00fcst\u00fc taray\u0131c\u0131lar, iPhone\/iPad, Android cihazlar, Windows 8 tabletler ve daha fazlas\u0131 i\u00e7in bir favicon olu\u015fturun ve ayarlay\u0131n. Birka\u00e7 saniye i\u00e7inde, t\u00fcm b\u00fcy\u00fck platformlarda harika g\u00f6r\u00fcnen bir simge tasarlay\u0131n. <\/p>\n","protected":false},"excerpt":{"rendered":"<p>Masa\u00fcst\u00fc taray\u0131c\u0131lar, iPhone\/iPad, Android cihazlar, Windows 8 tabletler ve daha fazlas\u0131 i\u00e7in bir favicon olu\u015fturun ve ayarlay\u0131n. Birka\u00e7 saniye i\u00e7inde, t\u00fcm b\u00fcy\u00fck platformlarda harika g\u00f6r\u00fcnen bir simge tasarlay\u0131n.<\/p>\n","protected":false},"featured_media":13033,"comment_status":"open","ping_status":"closed","template":"","meta":[],"product_brand":[],"product_cat":[1413],"product_tag":[2312,1621,1654,2314,2315],"class_list":{"0":"post-14028","1":"product","2":"type-product","3":"status-publish","4":"has-post-thumbnail","6":"product_cat-eklentiler","7":"product_tag-apple-touch-simgesi","8":"product_tag-favicon-tr","9":"product_tag-icon-tr","10":"product_tag-iphone-tr","11":"product_tag-logo-tr","13":"first","14":"instock","15":"downloadable","16":"virtual","17":"product-type-simple"},"_links":{"self":[{"href":"https:\/\/hexexist.com\/tr\/wp-json\/wp\/v2\/product\/14028","targetHints":{"allow":["GET"]}}],"collection":[{"href":"https:\/\/hexexist.com\/tr\/wp-json\/wp\/v2\/product"}],"about":[{"href":"https:\/\/hexexist.com\/tr\/wp-json\/wp\/v2\/types\/product"}],"replies":[{"embeddable":true,"href":"https:\/\/hexexist.com\/tr\/wp-json\/wp\/v2\/comments?post=14028"}],"wp:featuredmedia":[{"embeddable":true,"href":"https:\/\/hexexist.com\/tr\/wp-json\/wp\/v2\/media\/13033"}],"wp:attachment":[{"href":"https:\/\/hexexist.com\/tr\/wp-json\/wp\/v2\/media?parent=14028"}],"wp:term":[{"taxonomy":"product_brand","embeddable":true,"href":"https:\/\/hexexist.com\/tr\/wp-json\/wp\/v2\/product_brand?post=14028"},{"taxonomy":"product_cat","embeddable":true,"href":"https:\/\/hexexist.com\/tr\/wp-json\/wp\/v2\/product_cat?post=14028"},{"taxonomy":"product_tag","embeddable":true,"href":"https:\/\/hexexist.com\/tr\/wp-json\/wp\/v2\/product_tag?post=14028"}],"curies":[{"name":"wp","href":"https:\/\/api.w.org\/{rel}","templated":true}]}}