{"id":14029,"date":"2025-10-09T09:49:48","date_gmt":"2025-10-09T09:49:48","guid":{"rendered":"http:\/\/hexexist.com\/product\/black-studio-tinymce-widgeti\/"},"modified":"2025-10-09T09:49:48","modified_gmt":"2025-10-09T09:49:48","slug":"black-studio-tinymce-widgeti","status":"publish","type":"product","link":"https:\/\/hexexist.com\/tr\/urun\/black-studio-tinymce-widgeti\/","title":{"rendered":"Black Studio TinyMCE Widget&#8217;\u0131"},"content":{"rendered":"<p>Bu eklenti, kenar \u00e7ubuklar\u0131n\u0131za zengin metin ve medya nesnelerini sorunsuz bir \u015fekilde eklemenizi sa\u011flayan yeni bir G\u00f6rsel D\u00fczenleyici widget t\u00fcr\u00fc ekler. Black Studio TinyMCE Widget ile widget&#8217;lar\u0131n\u0131z\u0131 t\u0131pk\u0131 yaz\u0131 ve sayfalarda yapt\u0131\u011f\u0131n\u0131z gibi yerel WordPress TinyMCE edit\u00f6r\u00fcn\u00fc kullanarak WYSIWYG bir \u015fekilde d\u00fczenleyebileceksiniz. Ve e\u011fer bir geli\u015ftiriciyseniz, G\u00f6rsel moddan HTML moduna ge\u00e7i\u015f yapabilirsiniz.  <\/p>\n","protected":false},"excerpt":{"rendered":"<p>Bu eklenti, kenar \u00e7ubuklar\u0131n\u0131za zengin metin ve medya nesnelerini sorunsuz bir \u015fekilde eklemenizi sa\u011flayan yeni bir G\u00f6rsel D\u00fczenleyici widget t\u00fcr\u00fc ekler. Black Studio TinyMCE Widget ile widget&#8217;lar\u0131n\u0131z\u0131 t\u0131pk\u0131 yaz\u0131 ve sayfalarda yapt\u0131\u011f\u0131n\u0131z gibi yerel WordPress TinyMCE edit\u00f6r\u00fcn\u00fc kullanarak WYSIWYG bir \u015fekilde d\u00fczenleyebileceksiniz. Ve e\u011fer bir geli\u015ftiriciyseniz, G\u00f6rsel moddan HTML moduna ge\u00e7i\u015f yapabilirsiniz.<\/p>\n","protected":false},"featured_media":13028,"comment_status":"open","ping_status":"closed","template":"","meta":[],"product_brand":[],"product_cat":[1413],"product_tag":[1771,1778,1811,1427,2313],"class_list":{"0":"post-14029","1":"product","2":"type-product","3":"status-publish","4":"has-post-thumbnail","6":"product_cat-eklentiler","7":"product_tag-editor-tr","8":"product_tag-gorsel","9":"product_tag-html-tr","10":"product_tag-widget-tr","11":"product_tag-wysiwyg-tr","13":"first","14":"instock","15":"downloadable","16":"virtual","17":"product-type-simple"},"_links":{"self":[{"href":"https:\/\/hexexist.com\/tr\/wp-json\/wp\/v2\/product\/14029","targetHints":{"allow":["GET"]}}],"collection":[{"href":"https:\/\/hexexist.com\/tr\/wp-json\/wp\/v2\/product"}],"about":[{"href":"https:\/\/hexexist.com\/tr\/wp-json\/wp\/v2\/types\/product"}],"replies":[{"embeddable":true,"href":"https:\/\/hexexist.com\/tr\/wp-json\/wp\/v2\/comments?post=14029"}],"wp:featuredmedia":[{"embeddable":true,"href":"https:\/\/hexexist.com\/tr\/wp-json\/wp\/v2\/media\/13028"}],"wp:attachment":[{"href":"https:\/\/hexexist.com\/tr\/wp-json\/wp\/v2\/media?parent=14029"}],"wp:term":[{"taxonomy":"product_brand","embeddable":true,"href":"https:\/\/hexexist.com\/tr\/wp-json\/wp\/v2\/product_brand?post=14029"},{"taxonomy":"product_cat","embeddable":true,"href":"https:\/\/hexexist.com\/tr\/wp-json\/wp\/v2\/product_cat?post=14029"},{"taxonomy":"product_tag","embeddable":true,"href":"https:\/\/hexexist.com\/tr\/wp-json\/wp\/v2\/product_tag?post=14029"}],"curies":[{"name":"wp","href":"https:\/\/api.w.org\/{rel}","templated":true}]}}