{"id":14030,"date":"2025-10-09T09:49:48","date_gmt":"2025-10-09T09:49:48","guid":{"rendered":"http:\/\/hexexist.com\/product\/etkinlik-gunlugu-kullanici-degisikliklerini-izleme-ve-kaydetme\/"},"modified":"2025-10-09T09:49:48","modified_gmt":"2025-10-09T09:49:48","slug":"etkinlik-gunlugu-kullanici-degisikliklerini-izleme-ve-kaydetme","status":"publish","type":"product","link":"https:\/\/hexexist.com\/tr\/urun\/etkinlik-gunlugu-kullanici-degisikliklerini-izleme-ve-kaydetme\/","title":{"rendered":"Etkinlik G\u00fcnl\u00fc\u011f\u00fc Kullan\u0131c\u0131 De\u011fi\u015fikliklerini \u0130zleme ve Kaydetme"},"content":{"rendered":"<p>KULLANIMI KOLAY VE TAM DESTEKLI BIR WORDPRESS ETKINLIK G\u00dcNL\u00dc\u011e\u00dc EKLENTISI<\/p>\n","protected":false},"excerpt":{"rendered":"<p>KULLANIMI KOLAY VE TAM DESTEKLI BIR WORDPRESS ETKINLIK G\u00dcNL\u00dc\u011e\u00dc EKLENTISI<\/p>\n","protected":false},"featured_media":13027,"comment_status":"open","ping_status":"closed","template":"","meta":[],"product_brand":[],"product_cat":[1413],"product_tag":[2316,1606,2317,1455,2318],"class_list":{"0":"post-14030","1":"product","2":"type-product","3":"status-publish","4":"has-post-thumbnail","6":"product_cat-eklentiler","7":"product_tag-denetim-gunlugu","8":"product_tag-e-posta-gunlugu","9":"product_tag-faaliyet-gunlugu","10":"product_tag-guvenlik","11":"product_tag-kullanici-gunlugu","13":"first","14":"instock","15":"downloadable","16":"virtual","17":"product-type-simple"},"_links":{"self":[{"href":"https:\/\/hexexist.com\/tr\/wp-json\/wp\/v2\/product\/14030","targetHints":{"allow":["GET"]}}],"collection":[{"href":"https:\/\/hexexist.com\/tr\/wp-json\/wp\/v2\/product"}],"about":[{"href":"https:\/\/hexexist.com\/tr\/wp-json\/wp\/v2\/types\/product"}],"replies":[{"embeddable":true,"href":"https:\/\/hexexist.com\/tr\/wp-json\/wp\/v2\/comments?post=14030"}],"wp:featuredmedia":[{"embeddable":true,"href":"https:\/\/hexexist.com\/tr\/wp-json\/wp\/v2\/media\/13027"}],"wp:attachment":[{"href":"https:\/\/hexexist.com\/tr\/wp-json\/wp\/v2\/media?parent=14030"}],"wp:term":[{"taxonomy":"product_brand","embeddable":true,"href":"https:\/\/hexexist.com\/tr\/wp-json\/wp\/v2\/product_brand?post=14030"},{"taxonomy":"product_cat","embeddable":true,"href":"https:\/\/hexexist.com\/tr\/wp-json\/wp\/v2\/product_cat?post=14030"},{"taxonomy":"product_tag","embeddable":true,"href":"https:\/\/hexexist.com\/tr\/wp-json\/wp\/v2\/product_tag?post=14030"}],"curies":[{"name":"wp","href":"https:\/\/api.w.org\/{rel}","templated":true}]}}