{"id":14031,"date":"2025-10-09T09:49:49","date_gmt":"2025-10-09T09:49:49","guid":{"rendered":"http:\/\/hexexist.com\/product\/301-yonlendirmeleri-yonlendirme-yoneticisi\/"},"modified":"2026-01-30T22:55:41","modified_gmt":"2026-01-30T22:55:41","slug":"301-yonlendirmeleri-yonlendirme-yoneticisi","status":"publish","type":"product","link":"https:\/\/hexexist.com\/tr\/urun\/301-yonlendirmeleri-yonlendirme-yoneticisi\/","title":{"rendered":"301 Y\u00f6nlendirmeleri Y\u00f6nlendirme Y\u00f6neticisi"},"content":{"rendered":"<p>301 Y\u00f6nlendirmeleri, SEO ve ziyaret\u00e7i deneyimini iyile\u015ftirmek i\u00e7in WordPress sitesi i\u00e7in 301, 302, 307 y\u00f6nlendirmelerini y\u00f6netmenize ve olu\u015fturman\u0131za yard\u0131mc\u0131 olur. 301 Y\u00f6nlendirmelerinin kullan\u0131m\u0131 kolayd\u0131r. Yeni siteler veya eski i\u00e7eri\u011finizi yeniden d\u00fczenledikten sonra ba\u011flant\u0131lar\u0131 onarmak i\u00e7in veya sitenizin s\u00fcresi dolan i\u00e7eri\u011fe sahip oldu\u011funda ve ziyaret\u00e7ileri bir 404 hata sayfas\u0131na g\u00f6ndermekten ka\u00e7\u0131nmak ve bunun yerine yeniden y\u00f6nlendirme olu\u015fturmak istedi\u011finizde m\u00fckemmeldir. Sorunlu ba\u011flant\u0131lar\u0131 belirlemek ve yeni y\u00f6nlendirmeler olu\u015fturmak i\u00e7in 404 hata g\u00fcnl\u00fc\u011f\u00fcn\u00fc kullan\u0131n.   <\/p>\n","protected":false},"excerpt":{"rendered":"<p>301 Y\u00f6nlendirmeleri, SEO ve ziyaret\u00e7i deneyimini iyile\u015ftirmek i\u00e7in WordPress sitesi i\u00e7in 301, 302, 307 y\u00f6nlendirmelerini y\u00f6netmenize ve olu\u015fturman\u0131za yard\u0131mc\u0131 olur. 301 Y\u00f6nlendirmelerinin kullan\u0131m\u0131 kolayd\u0131r. Yeni siteler veya eski i\u00e7eri\u011finizi yeniden d\u00fczenledikten sonra ba\u011flant\u0131lar\u0131 onarmak i\u00e7in veya sitenizin s\u00fcresi dolan i\u00e7eri\u011fe sahip oldu\u011funda ve ziyaret\u00e7ileri bir 404 hata sayfas\u0131na g\u00f6ndermekten ka\u00e7\u0131nmak ve bunun yerine yeniden y\u00f6nlendirme [&hellip;]<\/p>\n","protected":false},"featured_media":13032,"comment_status":"open","ping_status":"closed","template":"","meta":[],"product_brand":[],"product_cat":[1413],"product_tag":[2083,2086,1593,2038,2039],"class_list":{"0":"post-14031","1":"product","2":"type-product","3":"status-publish","4":"has-post-thumbnail","6":"product_cat-eklentiler","7":"product_tag-301-yonlendirmesi","8":"product_tag-404-hata-gunlugu","9":"product_tag-yonlendirme","11":"product_tag-yonlendirmeler","13":"first","14":"instock","15":"downloadable","16":"virtual","17":"product-type-simple"},"_links":{"self":[{"href":"https:\/\/hexexist.com\/tr\/wp-json\/wp\/v2\/product\/14031","targetHints":{"allow":["GET"]}}],"collection":[{"href":"https:\/\/hexexist.com\/tr\/wp-json\/wp\/v2\/product"}],"about":[{"href":"https:\/\/hexexist.com\/tr\/wp-json\/wp\/v2\/types\/product"}],"replies":[{"embeddable":true,"href":"https:\/\/hexexist.com\/tr\/wp-json\/wp\/v2\/comments?post=14031"}],"wp:featuredmedia":[{"embeddable":true,"href":"https:\/\/hexexist.com\/tr\/wp-json\/wp\/v2\/media\/13032"}],"wp:attachment":[{"href":"https:\/\/hexexist.com\/tr\/wp-json\/wp\/v2\/media?parent=14031"}],"wp:term":[{"taxonomy":"product_brand","embeddable":true,"href":"https:\/\/hexexist.com\/tr\/wp-json\/wp\/v2\/product_brand?post=14031"},{"taxonomy":"product_cat","embeddable":true,"href":"https:\/\/hexexist.com\/tr\/wp-json\/wp\/v2\/product_cat?post=14031"},{"taxonomy":"product_tag","embeddable":true,"href":"https:\/\/hexexist.com\/tr\/wp-json\/wp\/v2\/product_tag?post=14031"}],"curies":[{"name":"wp","href":"https:\/\/api.w.org\/{rel}","templated":true}]}}