{"id":14032,"date":"2025-10-09T09:49:50","date_gmt":"2025-10-09T09:49:50","guid":{"rendered":"http:\/\/hexexist.com\/product\/loginpress-wp-login-ozel-giris-sayfasi-ozellestirici\/"},"modified":"2025-10-09T09:49:50","modified_gmt":"2025-10-09T09:49:50","slug":"loginpress-wp-login-ozel-giris-sayfasi-ozellestirici","status":"publish","type":"product","link":"https:\/\/hexexist.com\/tr\/urun\/loginpress-wp-login-ozel-giris-sayfasi-ozellestirici\/","title":{"rendered":"LoginPress | wp-login \u00d6zel Giri\u015f Sayfas\u0131 \u00d6zelle\u015ftirici"},"content":{"rendered":"<p>LoginPress Eklentisi, WordPress&#8217;in giri\u015f sayfas\u0131n\u0131n d\u00fczenini de\u011fi\u015ftirmek i\u00e7in bir\u00e7ok \u00f6zelle\u015ftirme alan\u0131na sahiptir. Giri\u015f sayfas\u0131n\u0131n g\u00f6r\u00fcn\u00fcm\u00fcn\u00fc ve hissini tamamen de\u011fi\u015ftirebilirsiniz, hatta giri\u015f hata mesajlar\u0131, hata mesajlar\u0131n\u0131 unuttum, kay\u0131t hata mesajlar\u0131, \u015fifre ipucu mesaj\u0131n\u0131 unuttum ve daha pek \u00e7ok \u015fey. LoginPress Eklentisi size ve kullan\u0131c\u0131lar\u0131n\u0131za \u00f6zel bir giri\u015f sayfas\u0131 ve site d\u00fczeninin bir par\u00e7as\u0131 oldu\u011fu hissini verecektir. WordPress giri\u015f sayfas\u0131n\u0131 nas\u0131l \u00f6zelle\u015ftirebilece\u011finize dair Demo videosuna g\u00f6z atmal\u0131s\u0131n\u0131z.   <\/p>\n","protected":false},"excerpt":{"rendered":"<p>LoginPress Eklentisi, WordPress&#8217;in giri\u015f sayfas\u0131n\u0131n d\u00fczenini de\u011fi\u015ftirmek i\u00e7in bir\u00e7ok \u00f6zelle\u015ftirme alan\u0131na sahiptir. Giri\u015f sayfas\u0131n\u0131n g\u00f6r\u00fcn\u00fcm\u00fcn\u00fc ve hissini tamamen de\u011fi\u015ftirebilirsiniz, hatta giri\u015f hata mesajlar\u0131, hata mesajlar\u0131n\u0131 unuttum, kay\u0131t hata mesajlar\u0131, \u015fifre ipucu mesaj\u0131n\u0131 unuttum ve daha pek \u00e7ok \u015fey. LoginPress Eklentisi size ve kullan\u0131c\u0131lar\u0131n\u0131za \u00f6zel bir giri\u015f sayfas\u0131 ve site d\u00fczeninin bir par\u00e7as\u0131 oldu\u011fu hissini verecektir. [&hellip;]<\/p>\n","protected":false},"featured_media":13038,"comment_status":"open","ping_status":"closed","template":"","meta":[],"product_brand":[],"product_cat":[1413],"product_tag":[2015,2319,2018,2320,2016],"class_list":{"0":"post-14032","1":"product","2":"type-product","3":"status-publish","4":"has-post-thumbnail","6":"product_cat-eklentiler","7":"product_tag-giris","8":"product_tag-giris-ozellestirici","9":"product_tag-ozel-giris","10":"product_tag-wordpress-giris","11":"product_tag-wp-giris","13":"first","14":"instock","15":"downloadable","16":"virtual","17":"product-type-simple"},"_links":{"self":[{"href":"https:\/\/hexexist.com\/tr\/wp-json\/wp\/v2\/product\/14032","targetHints":{"allow":["GET"]}}],"collection":[{"href":"https:\/\/hexexist.com\/tr\/wp-json\/wp\/v2\/product"}],"about":[{"href":"https:\/\/hexexist.com\/tr\/wp-json\/wp\/v2\/types\/product"}],"replies":[{"embeddable":true,"href":"https:\/\/hexexist.com\/tr\/wp-json\/wp\/v2\/comments?post=14032"}],"wp:featuredmedia":[{"embeddable":true,"href":"https:\/\/hexexist.com\/tr\/wp-json\/wp\/v2\/media\/13038"}],"wp:attachment":[{"href":"https:\/\/hexexist.com\/tr\/wp-json\/wp\/v2\/media?parent=14032"}],"wp:term":[{"taxonomy":"product_brand","embeddable":true,"href":"https:\/\/hexexist.com\/tr\/wp-json\/wp\/v2\/product_brand?post=14032"},{"taxonomy":"product_cat","embeddable":true,"href":"https:\/\/hexexist.com\/tr\/wp-json\/wp\/v2\/product_cat?post=14032"},{"taxonomy":"product_tag","embeddable":true,"href":"https:\/\/hexexist.com\/tr\/wp-json\/wp\/v2\/product_tag?post=14032"}],"curies":[{"name":"wp","href":"https:\/\/api.w.org\/{rel}","templated":true}]}}