{"id":14033,"date":"2025-10-09T09:49:49","date_gmt":"2025-10-09T09:49:49","guid":{"rendered":"http:\/\/hexexist.com\/product\/jetpack-web-sitesi-hizini-performansini-ve-kritik-cssyi-artirir\/"},"modified":"2025-10-09T09:49:49","modified_gmt":"2025-10-09T09:49:49","slug":"jetpack-web-sitesi-hizini-performansini-ve-kritik-cssyi-artirir","status":"publish","type":"product","link":"https:\/\/hexexist.com\/tr\/urun\/jetpack-web-sitesi-hizini-performansini-ve-kritik-cssyi-artirir\/","title":{"rendered":"Jetpack Web Sitesi H\u0131z\u0131n\u0131, Performans\u0131n\u0131 ve Kritik CSS&#8217;yi Art\u0131r\u0131r"},"content":{"rendered":"<p>Jetpack Boost ile sayfa performans\u0131n\u0131 optimize ederek WordPress sitenizi h\u0131zland\u0131r\u0131n. Core Web Vitals&#8217;\u0131n\u0131z\u0131 art\u0131rmak i\u00e7in tek t\u0131klamayla optimizasyonlar\u0131 kolayca etkinle\u015ftirin. <\/p>\n","protected":false},"excerpt":{"rendered":"<p>Jetpack Boost ile sayfa performans\u0131n\u0131 optimize ederek WordPress sitenizi h\u0131zland\u0131r\u0131n. Core Web Vitals&#8217;\u0131n\u0131z\u0131 art\u0131rmak i\u00e7in tek t\u0131klamayla optimizasyonlar\u0131 kolayca etkinle\u015ftirin.<\/p>\n","protected":false},"featured_media":13036,"comment_status":"open","ping_status":"closed","template":"","meta":[],"product_brand":[],"product_cat":[1413],"product_tag":[1628,1739,1627,1469,2321],"class_list":{"0":"post-14033","1":"product","2":"type-product","3":"status-publish","4":"has-post-thumbnail","6":"product_cat-eklentiler","7":"product_tag-hiz","8":"product_tag-kritik-css","9":"product_tag-onbellek","10":"product_tag-performans","11":"product_tag-web-hayati-gostergeleri","13":"first","14":"instock","15":"downloadable","16":"virtual","17":"product-type-simple"},"_links":{"self":[{"href":"https:\/\/hexexist.com\/tr\/wp-json\/wp\/v2\/product\/14033","targetHints":{"allow":["GET"]}}],"collection":[{"href":"https:\/\/hexexist.com\/tr\/wp-json\/wp\/v2\/product"}],"about":[{"href":"https:\/\/hexexist.com\/tr\/wp-json\/wp\/v2\/types\/product"}],"replies":[{"embeddable":true,"href":"https:\/\/hexexist.com\/tr\/wp-json\/wp\/v2\/comments?post=14033"}],"wp:featuredmedia":[{"embeddable":true,"href":"https:\/\/hexexist.com\/tr\/wp-json\/wp\/v2\/media\/13036"}],"wp:attachment":[{"href":"https:\/\/hexexist.com\/tr\/wp-json\/wp\/v2\/media?parent=14033"}],"wp:term":[{"taxonomy":"product_brand","embeddable":true,"href":"https:\/\/hexexist.com\/tr\/wp-json\/wp\/v2\/product_brand?post=14033"},{"taxonomy":"product_cat","embeddable":true,"href":"https:\/\/hexexist.com\/tr\/wp-json\/wp\/v2\/product_cat?post=14033"},{"taxonomy":"product_tag","embeddable":true,"href":"https:\/\/hexexist.com\/tr\/wp-json\/wp\/v2\/product_tag?post=14033"}],"curies":[{"name":"wp","href":"https:\/\/api.w.org\/{rel}","templated":true}]}}