{"id":14034,"date":"2025-10-09T09:49:50","date_gmt":"2025-10-09T09:49:50","guid":{"rendered":"http:\/\/hexexist.com\/product\/hubspot-crm-e-posta-pazarlama-canli-sohbet-formlar-ve-analizler\/"},"modified":"2025-10-09T09:49:50","modified_gmt":"2025-10-09T09:49:50","slug":"hubspot-crm-e-posta-pazarlama-canli-sohbet-formlar-ve-analizler","status":"publish","type":"product","link":"https:\/\/hexexist.com\/tr\/urun\/hubspot-crm-e-posta-pazarlama-canli-sohbet-formlar-ve-analizler\/","title":{"rendered":"HubSpot CRM, E-posta Pazarlama, Canl\u0131 Sohbet, Formlar ve Analizler"},"content":{"rendered":"<p>HubSpot, pazarlama, sat\u0131\u015f ve m\u00fc\u015fteri hizmetleri i\u00e7in ihtiyac\u0131n\u0131z olan t\u00fcm ara\u00e7 ve entegrasyonlara sahip bir CRM platformudur. Platformdaki her \u00fcr\u00fcn tek ba\u015f\u0131na g\u00fc\u00e7l\u00fcd\u00fcr, ancak ger\u00e7ek sihir onlar\u0131 birlikte kulland\u0131\u011f\u0131n\u0131zda ger\u00e7ekle\u015fir. \u00dccretsiz HubSpot WordPress eklentisinde kendiniz g\u00f6r\u00fcn.  <\/p>\n","protected":false},"excerpt":{"rendered":"<p>HubSpot, pazarlama, sat\u0131\u015f ve m\u00fc\u015fteri hizmetleri i\u00e7in ihtiyac\u0131n\u0131z olan t\u00fcm ara\u00e7 ve entegrasyonlara sahip bir CRM platformudur. Platformdaki her \u00fcr\u00fcn tek ba\u015f\u0131na g\u00fc\u00e7l\u00fcd\u00fcr, ancak ger\u00e7ek sihir onlar\u0131 birlikte kulland\u0131\u011f\u0131n\u0131zda ger\u00e7ekle\u015fir. \u00dccretsiz HubSpot WordPress eklentisinde kendiniz g\u00f6r\u00fcn.<\/p>\n","protected":false},"featured_media":13037,"comment_status":"open","ping_status":"closed","template":"","meta":[],"product_brand":[],"product_cat":[1413],"product_tag":[1550,1477,2322,1528,1645],"class_list":{"0":"post-14034","1":"product","2":"type-product","3":"status-publish","4":"has-post-thumbnail","6":"product_cat-eklentiler","7":"product_tag-analitik","8":"product_tag-canli-sohbet","9":"product_tag-crm-tr","10":"product_tag-formlar","11":"product_tag-pazarlama","13":"first","14":"instock","15":"downloadable","16":"virtual","17":"product-type-simple"},"_links":{"self":[{"href":"https:\/\/hexexist.com\/tr\/wp-json\/wp\/v2\/product\/14034","targetHints":{"allow":["GET"]}}],"collection":[{"href":"https:\/\/hexexist.com\/tr\/wp-json\/wp\/v2\/product"}],"about":[{"href":"https:\/\/hexexist.com\/tr\/wp-json\/wp\/v2\/types\/product"}],"replies":[{"embeddable":true,"href":"https:\/\/hexexist.com\/tr\/wp-json\/wp\/v2\/comments?post=14034"}],"wp:featuredmedia":[{"embeddable":true,"href":"https:\/\/hexexist.com\/tr\/wp-json\/wp\/v2\/media\/13037"}],"wp:attachment":[{"href":"https:\/\/hexexist.com\/tr\/wp-json\/wp\/v2\/media?parent=14034"}],"wp:term":[{"taxonomy":"product_brand","embeddable":true,"href":"https:\/\/hexexist.com\/tr\/wp-json\/wp\/v2\/product_brand?post=14034"},{"taxonomy":"product_cat","embeddable":true,"href":"https:\/\/hexexist.com\/tr\/wp-json\/wp\/v2\/product_cat?post=14034"},{"taxonomy":"product_tag","embeddable":true,"href":"https:\/\/hexexist.com\/tr\/wp-json\/wp\/v2\/product_tag?post=14034"}],"curies":[{"name":"wp","href":"https:\/\/api.w.org\/{rel}","templated":true}]}}