{"id":14035,"date":"2025-10-09T09:49:51","date_gmt":"2025-10-09T09:49:51","guid":{"rendered":"http:\/\/hexexist.com\/product\/wp-etkinlik-gunlugu\/"},"modified":"2025-10-09T09:49:51","modified_gmt":"2025-10-09T09:49:51","slug":"wp-etkinlik-gunlugu","status":"publish","type":"product","link":"https:\/\/hexexist.com\/tr\/urun\/wp-etkinlik-gunlugu\/","title":{"rendered":"WP Etkinlik G\u00fcnl\u00fc\u011f\u00fc"},"content":{"rendered":"<p>WP Activity Log to ile sitelerinizde ve \u00e7oklu site a\u011flar\u0131n\u0131zda ger\u00e7ekle\u015fen her \u015feyin WordPress g\u00fcnl\u00fcklerini tutun:<\/p>\n","protected":false},"excerpt":{"rendered":"<p>WP Activity Log to ile sitelerinizde ve \u00e7oklu site a\u011flar\u0131n\u0131zda ger\u00e7ekle\u015fen her \u015feyin WordPress g\u00fcnl\u00fcklerini tutun:<\/p>\n","protected":false},"featured_media":13041,"comment_status":"open","ping_status":"closed","template":"","meta":[],"product_brand":[],"product_cat":[1413],"product_tag":[2317,2325,2326,2323,2324],"class_list":{"0":"post-14035","1":"product","2":"type-product","3":"status-publish","4":"has-post-thumbnail","6":"product_cat-eklentiler","7":"product_tag-faaliyet-gunlugu","8":"product_tag-kullanici-takibi","9":"product_tag-logger-tr","10":"product_tag-olay-gunlugu","11":"product_tag-tarih-tr","13":"first","14":"instock","15":"downloadable","16":"virtual","17":"product-type-simple"},"_links":{"self":[{"href":"https:\/\/hexexist.com\/tr\/wp-json\/wp\/v2\/product\/14035","targetHints":{"allow":["GET"]}}],"collection":[{"href":"https:\/\/hexexist.com\/tr\/wp-json\/wp\/v2\/product"}],"about":[{"href":"https:\/\/hexexist.com\/tr\/wp-json\/wp\/v2\/types\/product"}],"replies":[{"embeddable":true,"href":"https:\/\/hexexist.com\/tr\/wp-json\/wp\/v2\/comments?post=14035"}],"wp:featuredmedia":[{"embeddable":true,"href":"https:\/\/hexexist.com\/tr\/wp-json\/wp\/v2\/media\/13041"}],"wp:attachment":[{"href":"https:\/\/hexexist.com\/tr\/wp-json\/wp\/v2\/media?parent=14035"}],"wp:term":[{"taxonomy":"product_brand","embeddable":true,"href":"https:\/\/hexexist.com\/tr\/wp-json\/wp\/v2\/product_brand?post=14035"},{"taxonomy":"product_cat","embeddable":true,"href":"https:\/\/hexexist.com\/tr\/wp-json\/wp\/v2\/product_cat?post=14035"},{"taxonomy":"product_tag","embeddable":true,"href":"https:\/\/hexexist.com\/tr\/wp-json\/wp\/v2\/product_tag?post=14035"}],"curies":[{"name":"wp","href":"https:\/\/api.w.org\/{rel}","templated":true}]}}