{"id":14036,"date":"2025-10-09T09:49:51","date_gmt":"2025-10-09T09:49:51","guid":{"rendered":"http:\/\/hexexist.com\/product\/iletisim-formu-7-icin-yeniden-yonlendirme\/"},"modified":"2025-10-09T09:49:51","modified_gmt":"2025-10-09T09:49:51","slug":"iletisim-formu-7-icin-yeniden-yonlendirme","status":"publish","type":"product","link":"https:\/\/hexexist.com\/tr\/urun\/iletisim-formu-7-icin-yeniden-yonlendirme\/","title":{"rendered":"\u0130leti\u015fim Formu 7 i\u00e7in Yeniden Y\u00f6nlendirme"},"content":{"rendered":"<p>Redirection for Contact Form 7, formlar\u0131n\u0131z\u0131 tek bir eklentide temel g\u00f6nderim sonras\u0131 eylemlerle geli\u015ftirir. Form giri\u015flerini veritaban\u0131n\u0131zda saklay\u0131n, kullan\u0131c\u0131lar\u0131 herhangi bir sayfaya veya URL&#8217;ye y\u00f6nlendirin, e-posta bildirimleri g\u00f6nderin, bal k\u00fcp\u00fc korumas\u0131yla spam&#8217;i engelleyin ve veri verme \/ silme istekleri yoluyla GDPR uyumlulu\u011funa yard\u0131mc\u0131 olun. <\/p>\n","protected":false},"excerpt":{"rendered":"<p>Redirection for Contact Form 7, formlar\u0131n\u0131z\u0131 tek bir eklentide temel g\u00f6nderim sonras\u0131 eylemlerle geli\u015ftirir. Form giri\u015flerini veritaban\u0131n\u0131zda saklay\u0131n, kullan\u0131c\u0131lar\u0131 herhangi bir sayfaya veya URL&#8217;ye y\u00f6nlendirin, e-posta bildirimleri g\u00f6nderin, bal k\u00fcp\u00fc korumas\u0131yla spam&#8217;i engelleyin ve veri verme \/ silme istekleri yoluyla GDPR uyumlulu\u011funa yard\u0131mc\u0131 olun.<\/p>\n","protected":false},"featured_media":13045,"comment_status":"open","ping_status":"closed","template":"","meta":[],"product_brand":[],"product_cat":[1413],"product_tag":[2327,2330,2328,2329,2331],"class_list":{"0":"post-14036","1":"product","2":"type-product","3":"status-publish","4":"has-post-thumbnail","6":"product_cat-eklentiler","7":"product_tag-cf7-yonlendirme","8":"product_tag-cf7yi-yonlendirin","9":"product_tag-iletisim-formu-7-mailchimp","10":"product_tag-iletisim-formu-7-paypal","11":"product_tag-urlye-yonlendir","13":"first","14":"instock","15":"downloadable","16":"virtual","17":"product-type-simple"},"_links":{"self":[{"href":"https:\/\/hexexist.com\/tr\/wp-json\/wp\/v2\/product\/14036","targetHints":{"allow":["GET"]}}],"collection":[{"href":"https:\/\/hexexist.com\/tr\/wp-json\/wp\/v2\/product"}],"about":[{"href":"https:\/\/hexexist.com\/tr\/wp-json\/wp\/v2\/types\/product"}],"replies":[{"embeddable":true,"href":"https:\/\/hexexist.com\/tr\/wp-json\/wp\/v2\/comments?post=14036"}],"wp:featuredmedia":[{"embeddable":true,"href":"https:\/\/hexexist.com\/tr\/wp-json\/wp\/v2\/media\/13045"}],"wp:attachment":[{"href":"https:\/\/hexexist.com\/tr\/wp-json\/wp\/v2\/media?parent=14036"}],"wp:term":[{"taxonomy":"product_brand","embeddable":true,"href":"https:\/\/hexexist.com\/tr\/wp-json\/wp\/v2\/product_brand?post=14036"},{"taxonomy":"product_cat","embeddable":true,"href":"https:\/\/hexexist.com\/tr\/wp-json\/wp\/v2\/product_cat?post=14036"},{"taxonomy":"product_tag","embeddable":true,"href":"https:\/\/hexexist.com\/tr\/wp-json\/wp\/v2\/product_tag?post=14036"}],"curies":[{"name":"wp","href":"https:\/\/api.w.org\/{rel}","templated":true}]}}