{"id":14037,"date":"2025-10-09T09:49:51","date_gmt":"2025-10-09T09:49:51","guid":{"rendered":"http:\/\/hexexist.com\/product\/redis-nesne-onbellegi\/"},"modified":"2025-10-09T09:49:51","modified_gmt":"2025-10-09T09:49:51","slug":"redis-nesne-onbellegi","status":"publish","type":"product","link":"https:\/\/hexexist.com\/tr\/urun\/redis-nesne-onbellegi\/","title":{"rendered":"Redis Nesne \u00d6nbelle\u011fi"},"content":{"rendered":"<p>Redis\u00ae\u00b9 taraf\u0131ndan desteklenen kal\u0131c\u0131 bir nesne \u00f6nbellek arka ucu. Predis, PhpRedis (PECL), Relay, replikasyon, sentineller, k\u00fcmeleme ve WP-CLI&#8217;yi destekler. <\/p>\n","protected":false},"excerpt":{"rendered":"<p>Redis\u00ae\u00b9 taraf\u0131ndan desteklenen kal\u0131c\u0131 bir nesne \u00f6nbellek arka ucu. Predis, PhpRedis (PECL), Relay, replikasyon, sentineller, k\u00fcmeleme ve WP-CLI&#8217;yi destekler.<\/p>\n","protected":false},"featured_media":13040,"comment_status":"open","ping_status":"closed","template":"","meta":[],"product_brand":[],"product_cat":[1413],"product_tag":[2332,1737,1469,2333,2334],"class_list":{"0":"post-14037","1":"product","2":"type-product","3":"status-publish","4":"has-post-thumbnail","6":"product_cat-eklentiler","7":"product_tag-nesne-onbellegi","8":"product_tag-onbellege-alma","9":"product_tag-performans","10":"product_tag-redis-tr","11":"product_tag-role-tr","13":"first","14":"instock","15":"downloadable","16":"virtual","17":"product-type-simple"},"_links":{"self":[{"href":"https:\/\/hexexist.com\/tr\/wp-json\/wp\/v2\/product\/14037","targetHints":{"allow":["GET"]}}],"collection":[{"href":"https:\/\/hexexist.com\/tr\/wp-json\/wp\/v2\/product"}],"about":[{"href":"https:\/\/hexexist.com\/tr\/wp-json\/wp\/v2\/types\/product"}],"replies":[{"embeddable":true,"href":"https:\/\/hexexist.com\/tr\/wp-json\/wp\/v2\/comments?post=14037"}],"wp:featuredmedia":[{"embeddable":true,"href":"https:\/\/hexexist.com\/tr\/wp-json\/wp\/v2\/media\/13040"}],"wp:attachment":[{"href":"https:\/\/hexexist.com\/tr\/wp-json\/wp\/v2\/media?parent=14037"}],"wp:term":[{"taxonomy":"product_brand","embeddable":true,"href":"https:\/\/hexexist.com\/tr\/wp-json\/wp\/v2\/product_brand?post=14037"},{"taxonomy":"product_cat","embeddable":true,"href":"https:\/\/hexexist.com\/tr\/wp-json\/wp\/v2\/product_cat?post=14037"},{"taxonomy":"product_tag","embeddable":true,"href":"https:\/\/hexexist.com\/tr\/wp-json\/wp\/v2\/product_tag?post=14037"}],"curies":[{"name":"wp","href":"https:\/\/api.w.org\/{rel}","templated":true}]}}