{"id":14038,"date":"2025-10-09T09:49:51","date_gmt":"2025-10-09T09:49:51","guid":{"rendered":"http:\/\/hexexist.com\/product\/iletisim-formu-7-icin-recaptcha-v2\/"},"modified":"2025-10-09T09:49:51","modified_gmt":"2025-10-09T09:49:51","slug":"iletisim-formu-7-icin-recaptcha-v2","status":"publish","type":"product","link":"https:\/\/hexexist.com\/tr\/urun\/iletisim-formu-7-icin-recaptcha-v2\/","title":{"rendered":"\u0130leti\u015fim Formu 7 i\u00e7in ReCaptcha v2"},"content":{"rendered":"<p>Contact Form 7 v5.1, Aral\u0131k 2018&#8217;de http:\/\/hexexist.com\/wp-content\/uploads\/2025\/04\/recaptcha] etiketiyle birlikte reCaptcha v2 deste\u011fini kald\u0131rd\u0131. Bu eklenti, Contact Form 7 5.0.5&#8217;ten bu i\u015flevselli\u011fi geri getiriyor ve http:\/\/hexexist.com\/wp-content\/uploads\/2025\/04\/recaptcha] etiketini yeniden ekliyor. <\/p>\n","protected":false},"excerpt":{"rendered":"<p>Contact Form 7 v5.1, Aral\u0131k 2018&#8217;de http:\/\/hexexist.com\/wp-content\/uploads\/2025\/04\/recaptcha] etiketiyle birlikte reCaptcha v2 deste\u011fini kald\u0131rd\u0131. Bu eklenti, Contact Form 7 5.0.5&#8217;ten bu i\u015flevselli\u011fi geri getiriyor ve http:\/\/hexexist.com\/wp-content\/uploads\/2025\/04\/recaptcha] etiketini yeniden ekliyor.<\/p>\n","protected":false},"featured_media":13044,"comment_status":"open","ping_status":"closed","template":"","meta":[],"product_brand":[],"product_cat":[1413],"product_tag":[1543,2335,1821,1541],"class_list":{"0":"post-14038","1":"product","2":"type-product","3":"status-publish","4":"has-post-thumbnail","6":"product_cat-eklentiler","7":"product_tag-iletisim-formu-7","8":"product_tag-iletisim-formu-7-recaptcha","9":"product_tag-recaptcha-tr","10":"product_tag-spam-tr","12":"first","13":"instock","14":"downloadable","15":"virtual","16":"product-type-simple"},"_links":{"self":[{"href":"https:\/\/hexexist.com\/tr\/wp-json\/wp\/v2\/product\/14038","targetHints":{"allow":["GET"]}}],"collection":[{"href":"https:\/\/hexexist.com\/tr\/wp-json\/wp\/v2\/product"}],"about":[{"href":"https:\/\/hexexist.com\/tr\/wp-json\/wp\/v2\/types\/product"}],"replies":[{"embeddable":true,"href":"https:\/\/hexexist.com\/tr\/wp-json\/wp\/v2\/comments?post=14038"}],"wp:featuredmedia":[{"embeddable":true,"href":"https:\/\/hexexist.com\/tr\/wp-json\/wp\/v2\/media\/13044"}],"wp:attachment":[{"href":"https:\/\/hexexist.com\/tr\/wp-json\/wp\/v2\/media?parent=14038"}],"wp:term":[{"taxonomy":"product_brand","embeddable":true,"href":"https:\/\/hexexist.com\/tr\/wp-json\/wp\/v2\/product_brand?post=14038"},{"taxonomy":"product_cat","embeddable":true,"href":"https:\/\/hexexist.com\/tr\/wp-json\/wp\/v2\/product_cat?post=14038"},{"taxonomy":"product_tag","embeddable":true,"href":"https:\/\/hexexist.com\/tr\/wp-json\/wp\/v2\/product_tag?post=14038"}],"curies":[{"name":"wp","href":"https:\/\/api.w.org\/{rel}","templated":true}]}}