{"id":14039,"date":"2025-10-09T09:49:51","date_gmt":"2025-10-09T09:49:51","guid":{"rendered":"http:\/\/hexexist.com\/product\/post-cogaltici\/"},"modified":"2025-10-09T09:49:51","modified_gmt":"2025-10-09T09:49:51","slug":"post-cogaltici","status":"publish","type":"product","link":"https:\/\/hexexist.com\/tr\/urun\/post-cogaltici\/","title":{"rendered":"Post \u00c7o\u011falt\u0131c\u0131"},"content":{"rendered":"<p>Bu eklenti, se\u00e7ilen bir g\u00f6nderinin tam bir kopyas\u0131n\u0131 olu\u015fturmak i\u00e7in olu\u015fturulmu\u015ftur. \u00d6zel yaz\u0131 t\u00fcrleri, \u00f6zel taksonomiler ve \u00f6zel alanlarla birlikte desteklenir. <\/p>\n","protected":false},"excerpt":{"rendered":"<p>Bu eklenti, se\u00e7ilen bir g\u00f6nderinin tam bir kopyas\u0131n\u0131 olu\u015fturmak i\u00e7in olu\u015fturulmu\u015ftur. \u00d6zel yaz\u0131 t\u00fcrleri, \u00f6zel taksonomiler ve \u00f6zel alanlarla birlikte desteklenir.<\/p>\n","protected":false},"featured_media":13039,"comment_status":"open","ping_status":"closed","template":"","meta":[],"product_brand":[],"product_cat":[1413],"product_tag":[2336,1849,1494,1579],"class_list":{"0":"post-14039","1":"product","2":"type-product","3":"status-publish","4":"has-post-thumbnail","6":"product_cat-eklentiler","7":"product_tag-cogaltma","8":"product_tag-cogaltmak","9":"product_tag-gonderiler","10":"product_tag-post-tr","12":"first","13":"instock","14":"downloadable","15":"virtual","16":"product-type-simple"},"_links":{"self":[{"href":"https:\/\/hexexist.com\/tr\/wp-json\/wp\/v2\/product\/14039","targetHints":{"allow":["GET"]}}],"collection":[{"href":"https:\/\/hexexist.com\/tr\/wp-json\/wp\/v2\/product"}],"about":[{"href":"https:\/\/hexexist.com\/tr\/wp-json\/wp\/v2\/types\/product"}],"replies":[{"embeddable":true,"href":"https:\/\/hexexist.com\/tr\/wp-json\/wp\/v2\/comments?post=14039"}],"wp:featuredmedia":[{"embeddable":true,"href":"https:\/\/hexexist.com\/tr\/wp-json\/wp\/v2\/media\/13039"}],"wp:attachment":[{"href":"https:\/\/hexexist.com\/tr\/wp-json\/wp\/v2\/media?parent=14039"}],"wp:term":[{"taxonomy":"product_brand","embeddable":true,"href":"https:\/\/hexexist.com\/tr\/wp-json\/wp\/v2\/product_brand?post=14039"},{"taxonomy":"product_cat","embeddable":true,"href":"https:\/\/hexexist.com\/tr\/wp-json\/wp\/v2\/product_cat?post=14039"},{"taxonomy":"product_tag","embeddable":true,"href":"https:\/\/hexexist.com\/tr\/wp-json\/wp\/v2\/product_tag?post=14039"}],"curies":[{"name":"wp","href":"https:\/\/api.w.org\/{rel}","templated":true}]}}