{"id":14040,"date":"2025-10-09T09:49:51","date_gmt":"2025-10-09T09:49:51","guid":{"rendered":"http:\/\/hexexist.com\/product\/sosyal-sohbet-sohbet-etmek-icin-tiklayin-uygulama-dugmesi\/"},"modified":"2025-10-09T09:49:51","modified_gmt":"2025-10-09T09:49:51","slug":"sosyal-sohbet-sohbet-etmek-icin-tiklayin-uygulama-dugmesi","status":"publish","type":"product","link":"https:\/\/hexexist.com\/tr\/urun\/sosyal-sohbet-sohbet-etmek-icin-tiklayin-uygulama-dugmesi\/","title":{"rendered":"Sosyal Sohbet Sohbet Etmek \u0130\u00e7in T\u0131klay\u0131n Uygulama D\u00fc\u011fmesi"},"content":{"rendered":"<p>Premium | Demo | Dok\u00fcmantasyon | Topluluk<\/p>\n","protected":false},"excerpt":{"rendered":"<p>Premium | Demo | Dok\u00fcmantasyon | Topluluk<\/p>\n","protected":false},"featured_media":13043,"comment_status":"open","ping_status":"closed","template":"","meta":[],"product_brand":[],"product_cat":[1413],"product_tag":[2188,2189,2192,2193,2194],"class_list":{"0":"post-14040","1":"product","2":"type-product","3":"status-publish","4":"has-post-thumbnail","6":"product_cat-eklentiler","7":"product_tag-sohbet-etmek-icin-tiklayin","8":"product_tag-whatsapp-tr","9":"product_tag-whatsapp-is","10":"product_tag-whatsapp-sohbet","11":"product_tag-woocommerce-whatsapp-tr","13":"first","14":"instock","15":"downloadable","16":"virtual","17":"product-type-simple"},"_links":{"self":[{"href":"https:\/\/hexexist.com\/tr\/wp-json\/wp\/v2\/product\/14040","targetHints":{"allow":["GET"]}}],"collection":[{"href":"https:\/\/hexexist.com\/tr\/wp-json\/wp\/v2\/product"}],"about":[{"href":"https:\/\/hexexist.com\/tr\/wp-json\/wp\/v2\/types\/product"}],"replies":[{"embeddable":true,"href":"https:\/\/hexexist.com\/tr\/wp-json\/wp\/v2\/comments?post=14040"}],"wp:featuredmedia":[{"embeddable":true,"href":"https:\/\/hexexist.com\/tr\/wp-json\/wp\/v2\/media\/13043"}],"wp:attachment":[{"href":"https:\/\/hexexist.com\/tr\/wp-json\/wp\/v2\/media?parent=14040"}],"wp:term":[{"taxonomy":"product_brand","embeddable":true,"href":"https:\/\/hexexist.com\/tr\/wp-json\/wp\/v2\/product_brand?post=14040"},{"taxonomy":"product_cat","embeddable":true,"href":"https:\/\/hexexist.com\/tr\/wp-json\/wp\/v2\/product_cat?post=14040"},{"taxonomy":"product_tag","embeddable":true,"href":"https:\/\/hexexist.com\/tr\/wp-json\/wp\/v2\/product_tag?post=14040"}],"curies":[{"name":"wp","href":"https:\/\/api.w.org\/{rel}","templated":true}]}}