{"id":14041,"date":"2025-10-09T09:49:52","date_gmt":"2025-10-09T09:49:52","guid":{"rendered":"http:\/\/hexexist.com\/product\/generateblocks\/"},"modified":"2025-10-09T09:49:52","modified_gmt":"2025-10-09T09:49:52","slug":"generateblocks","status":"publish","type":"product","link":"https:\/\/hexexist.com\/tr\/urun\/generateblocks\/","title":{"rendered":"GenerateBlocks"},"content":{"rendered":"<p>Edit\u00f6r\u00fcn\u00fcz\u00fc tonlarca tek boyutlu blokla \u015fi\u015firmeden ona inan\u0131lmaz bir \u00e7ok y\u00f6nl\u00fcl\u00fck kat\u0131n. GenerateBlocks ile bir avu\u00e7 blo\u011fu derinlemesine \u00f6\u011frenebilir ve bunlar\u0131 her \u015feyi in\u015fa etmek i\u00e7in kullanabilirsiniz. <\/p>\n","protected":false},"excerpt":{"rendered":"<p>Edit\u00f6r\u00fcn\u00fcz\u00fc tonlarca tek boyutlu blokla \u015fi\u015firmeden ona inan\u0131lmaz bir \u00e7ok y\u00f6nl\u00fcl\u00fck kat\u0131n. GenerateBlocks ile bir avu\u00e7 blo\u011fu derinlemesine \u00f6\u011frenebilir ve bunlar\u0131 her \u015feyi in\u015fa etmek i\u00e7in kullanabilirsiniz.<\/p>\n","protected":false},"featured_media":13052,"comment_status":"open","ping_status":"closed","template":"","meta":[],"product_brand":[],"product_cat":[1413],"product_tag":[1529,1771,1494,1526,1535],"class_list":{"0":"post-14041","1":"product","2":"type-product","3":"status-publish","4":"has-post-thumbnail","6":"product_cat-eklentiler","7":"product_tag-bloklar","8":"product_tag-editor-tr","9":"product_tag-gonderiler","10":"product_tag-gutenberg-tr","11":"product_tag-sayfa-olusturucu","13":"first","14":"instock","15":"downloadable","16":"virtual","17":"product-type-simple"},"_links":{"self":[{"href":"https:\/\/hexexist.com\/tr\/wp-json\/wp\/v2\/product\/14041","targetHints":{"allow":["GET"]}}],"collection":[{"href":"https:\/\/hexexist.com\/tr\/wp-json\/wp\/v2\/product"}],"about":[{"href":"https:\/\/hexexist.com\/tr\/wp-json\/wp\/v2\/types\/product"}],"replies":[{"embeddable":true,"href":"https:\/\/hexexist.com\/tr\/wp-json\/wp\/v2\/comments?post=14041"}],"wp:featuredmedia":[{"embeddable":true,"href":"https:\/\/hexexist.com\/tr\/wp-json\/wp\/v2\/media\/13052"}],"wp:attachment":[{"href":"https:\/\/hexexist.com\/tr\/wp-json\/wp\/v2\/media?parent=14041"}],"wp:term":[{"taxonomy":"product_brand","embeddable":true,"href":"https:\/\/hexexist.com\/tr\/wp-json\/wp\/v2\/product_brand?post=14041"},{"taxonomy":"product_cat","embeddable":true,"href":"https:\/\/hexexist.com\/tr\/wp-json\/wp\/v2\/product_cat?post=14041"},{"taxonomy":"product_tag","embeddable":true,"href":"https:\/\/hexexist.com\/tr\/wp-json\/wp\/v2\/product_tag?post=14041"}],"curies":[{"name":"wp","href":"https:\/\/api.w.org\/{rel}","templated":true}]}}