{"id":14042,"date":"2025-10-09T09:49:52","date_gmt":"2025-10-09T09:49:52","guid":{"rendered":"http:\/\/hexexist.com\/product\/niteothemesten-cmp-cok-yakinda-bakim-eklentisi\/"},"modified":"2025-10-09T09:49:52","modified_gmt":"2025-10-09T09:49:52","slug":"niteothemesten-cmp-cok-yakinda-bakim-eklentisi","status":"publish","type":"product","link":"https:\/\/hexexist.com\/tr\/urun\/niteothemesten-cmp-cok-yakinda-bakim-eklentisi\/","title":{"rendered":"NiteoThemes&#8217;ten CMP \u00c7ok Yak\u0131nda &amp; Bak\u0131m Eklentisi"},"content":{"rendered":"<p>CMP Coming Soon &amp; Maintenance eklentisi diledi\u011finiz t\u00fcm premium \u00f6zelliklere sahiptir ve \u00fccretsizdir! Ayr\u0131ca s\u00fcper h\u0131zl\u0131 ve kullan\u0131c\u0131 dostudur. Bak\u0131m, Yak\u0131nda (yap\u0131m a\u015famas\u0131nda) veya A\u00e7\u0131l\u0131\u015f sayfan\u0131z\u0131 tek bir t\u0131klama ile etkinle\u015ftirebilirsiniz. Bir\u00e7ok \u015fekilde \u00f6zelle\u015ftirilebilir, \u00f6nceden tan\u0131mlanm\u0131\u015f Temalardan bir d\u00fczen se\u00e7ebilir, \u00f6zel logo, arka plan grafikleri (YouTube videolar\u0131 veya Unsplash g\u00f6r\u00fcnt\u00fcleri dahil), \u00f6zel metin veya grafik i\u00e7eri\u011fi, abone formu, sosyal a\u011f simgeleri, tipografiyi, renkleri, SEO&#8217;yu ve daha fazlas\u0131n\u0131 de\u011fi\u015ftirebilirsiniz.   <\/p>\n","protected":false},"excerpt":{"rendered":"<p>CMP Coming Soon &amp; Maintenance eklentisi diledi\u011finiz t\u00fcm premium \u00f6zelliklere sahiptir ve \u00fccretsizdir! Ayr\u0131ca s\u00fcper h\u0131zl\u0131 ve kullan\u0131c\u0131 dostudur. Bak\u0131m, Yak\u0131nda (yap\u0131m a\u015famas\u0131nda) veya A\u00e7\u0131l\u0131\u015f sayfan\u0131z\u0131 tek bir t\u0131klama ile etkinle\u015ftirebilirsiniz. Bir\u00e7ok \u015fekilde \u00f6zelle\u015ftirilebilir, \u00f6nceden tan\u0131mlanm\u0131\u015f Temalardan bir d\u00fczen se\u00e7ebilir, \u00f6zel logo, arka plan grafikleri (YouTube videolar\u0131 veya Unsplash g\u00f6r\u00fcnt\u00fcleri dahil), \u00f6zel metin veya grafik [&hellip;]<\/p>\n","protected":false},"featured_media":13051,"comment_status":"open","ping_status":"closed","template":"","meta":[],"product_brand":[],"product_cat":[1413],"product_tag":[1857,1854,1856,2339,2337],"class_list":{"0":"post-14042","1":"product","2":"type-product","3":"status-publish","4":"has-post-thumbnail","6":"product_cat-eklentiler","7":"product_tag-bakim-modu","8":"product_tag-cok-yakinda","9":"product_tag-cok-yakinda-sayfasi","10":"product_tag-lansman-sayfasi","11":"product_tag-yapim-asamasinda","13":"first","14":"instock","15":"downloadable","16":"virtual","17":"product-type-simple"},"_links":{"self":[{"href":"https:\/\/hexexist.com\/tr\/wp-json\/wp\/v2\/product\/14042","targetHints":{"allow":["GET"]}}],"collection":[{"href":"https:\/\/hexexist.com\/tr\/wp-json\/wp\/v2\/product"}],"about":[{"href":"https:\/\/hexexist.com\/tr\/wp-json\/wp\/v2\/types\/product"}],"replies":[{"embeddable":true,"href":"https:\/\/hexexist.com\/tr\/wp-json\/wp\/v2\/comments?post=14042"}],"wp:featuredmedia":[{"embeddable":true,"href":"https:\/\/hexexist.com\/tr\/wp-json\/wp\/v2\/media\/13051"}],"wp:attachment":[{"href":"https:\/\/hexexist.com\/tr\/wp-json\/wp\/v2\/media?parent=14042"}],"wp:term":[{"taxonomy":"product_brand","embeddable":true,"href":"https:\/\/hexexist.com\/tr\/wp-json\/wp\/v2\/product_brand?post=14042"},{"taxonomy":"product_cat","embeddable":true,"href":"https:\/\/hexexist.com\/tr\/wp-json\/wp\/v2\/product_cat?post=14042"},{"taxonomy":"product_tag","embeddable":true,"href":"https:\/\/hexexist.com\/tr\/wp-json\/wp\/v2\/product_tag?post=14042"}],"curies":[{"name":"wp","href":"https:\/\/api.w.org\/{rel}","templated":true}]}}