{"id":14043,"date":"2025-10-09T09:49:51","date_gmt":"2025-10-09T09:49:51","guid":{"rendered":"http:\/\/hexexist.com\/product\/wp-site-haritasi-sayfasi\/"},"modified":"2025-10-09T09:49:51","modified_gmt":"2025-10-09T09:49:51","slug":"wp-site-haritasi-sayfasi","status":"publish","type":"product","link":"https:\/\/hexexist.com\/tr\/urun\/wp-site-haritasi-sayfasi\/","title":{"rendered":"WP Site Haritas\u0131 Sayfas\u0131"},"content":{"rendered":"<p>Sayfalar\u0131n\u0131zdan birine site haritas\u0131 eklemenin kolay bir yolu bu WordPress eklentisi sayesinde ger\u00e7e\u011fe d\u00f6n\u00fc\u015f\u00fcyor. Sayfalar\u0131n\u0131zdan herhangi birinde http:\/\/hexexist.com\/wp-content\/uploads\/2025\/04\/wp_sitemap_page] k\u0131sa kodunu kullanman\u0131z yeterlidir. Bu, t\u00fcm sayfalar\u0131n\u0131z ve yaz\u0131lar\u0131n\u0131z i\u00e7in otomatik olarak bir site haritas\u0131 olu\u015fturacakt\u0131r.  <\/p>\n","protected":false},"excerpt":{"rendered":"<p>Sayfalar\u0131n\u0131zdan birine site haritas\u0131 eklemenin kolay bir yolu bu WordPress eklentisi sayesinde ger\u00e7e\u011fe d\u00f6n\u00fc\u015f\u00fcyor. Sayfalar\u0131n\u0131zdan herhangi birinde http:\/\/hexexist.com\/wp-content\/uploads\/2025\/04\/wp_sitemap_page] k\u0131sa kodunu kullanman\u0131z yeterlidir. Bu, t\u00fcm sayfalar\u0131n\u0131z ve yaz\u0131lar\u0131n\u0131z i\u00e7in otomatik olarak bir site haritas\u0131 olu\u015fturacakt\u0131r.<\/p>\n","protected":false},"featured_media":13042,"comment_status":"open","ping_status":"closed","template":"","meta":[],"product_brand":[],"product_cat":[1413],"product_tag":[2338,2340,2341,2342,2096],"class_list":{"0":"post-14043","1":"product","2":"type-product","3":"status-publish","4":"has-post-thumbnail","6":"product_cat-eklentiler","7":"product_tag-html-site-haritasi","8":"product_tag-jenerator","9":"product_tag-sayfa-listesi","10":"product_tag-site-haritasi-tr","11":"product_tag-site-haritasi","13":"first","14":"instock","15":"downloadable","16":"virtual","17":"product-type-simple"},"_links":{"self":[{"href":"https:\/\/hexexist.com\/tr\/wp-json\/wp\/v2\/product\/14043","targetHints":{"allow":["GET"]}}],"collection":[{"href":"https:\/\/hexexist.com\/tr\/wp-json\/wp\/v2\/product"}],"about":[{"href":"https:\/\/hexexist.com\/tr\/wp-json\/wp\/v2\/types\/product"}],"replies":[{"embeddable":true,"href":"https:\/\/hexexist.com\/tr\/wp-json\/wp\/v2\/comments?post=14043"}],"wp:featuredmedia":[{"embeddable":true,"href":"https:\/\/hexexist.com\/tr\/wp-json\/wp\/v2\/media\/13042"}],"wp:attachment":[{"href":"https:\/\/hexexist.com\/tr\/wp-json\/wp\/v2\/media?parent=14043"}],"wp:term":[{"taxonomy":"product_brand","embeddable":true,"href":"https:\/\/hexexist.com\/tr\/wp-json\/wp\/v2\/product_brand?post=14043"},{"taxonomy":"product_cat","embeddable":true,"href":"https:\/\/hexexist.com\/tr\/wp-json\/wp\/v2\/product_cat?post=14043"},{"taxonomy":"product_tag","embeddable":true,"href":"https:\/\/hexexist.com\/tr\/wp-json\/wp\/v2\/product_tag?post=14043"}],"curies":[{"name":"wp","href":"https:\/\/api.w.org\/{rel}","templated":true}]}}