{"id":14044,"date":"2025-10-09T09:49:53","date_gmt":"2025-10-09T09:49:53","guid":{"rendered":"http:\/\/hexexist.com\/product\/tiktok\/"},"modified":"2025-10-09T09:49:53","modified_gmt":"2025-10-09T09:49:53","slug":"tiktok","status":"publish","type":"product","link":"https:\/\/hexexist.com\/tr\/urun\/tiktok\/","title":{"rendered":"TikTok"},"content":{"rendered":"<p>Resmi TikTok eklentisi, i\u015fletmenizi milyarlarca y\u00fcksek kat\u0131l\u0131ml\u0131 t\u00fcketicinin \u00f6n\u00fcne koyman\u0131z\u0131 kolayla\u015ft\u0131r\u0131r ve \u00fcr\u00fcnlerinizi veya hizmetlerinizi d\u00fcnya \u00e7ap\u0131nda tan\u0131tarak pazarlama ve sat\u0131\u015f hedeflerinize ula\u015fman\u0131za yard\u0131mc\u0131 olur. Bu kullan\u0131c\u0131lar sadece g\u00f6z atm\u0131yor; pop\u00fcler hashtag #TikTokMadeMeBuyIt&#8217;in de kan\u0131tlad\u0131\u011f\u0131 gibi sat\u0131n al\u0131yorlar. Ve onlar sizin bir sonraki m\u00fc\u015fterileriniz olabilir.  <\/p>\n","protected":false},"excerpt":{"rendered":"<p>Resmi TikTok eklentisi, i\u015fletmenizi milyarlarca y\u00fcksek kat\u0131l\u0131ml\u0131 t\u00fcketicinin \u00f6n\u00fcne koyman\u0131z\u0131 kolayla\u015ft\u0131r\u0131r ve \u00fcr\u00fcnlerinizi veya hizmetlerinizi d\u00fcnya \u00e7ap\u0131nda tan\u0131tarak pazarlama ve sat\u0131\u015f hedeflerinize ula\u015fman\u0131za yard\u0131mc\u0131 olur. Bu kullan\u0131c\u0131lar sadece g\u00f6z atm\u0131yor; pop\u00fcler hashtag #TikTokMadeMeBuyIt&#8217;in de kan\u0131tlad\u0131\u011f\u0131 gibi sat\u0131n al\u0131yorlar. Ve onlar sizin bir sonraki m\u00fc\u015fterileriniz olabilir.<\/p>\n","protected":false},"featured_media":13058,"comment_status":"open","ping_status":"closed","template":"","meta":[],"product_brand":[],"product_cat":[1413],"product_tag":[2344],"class_list":{"0":"post-14044","1":"product","2":"type-product","3":"status-publish","4":"has-post-thumbnail","6":"product_cat-eklentiler","7":"product_tag-tiktok-tr","9":"first","10":"instock","11":"downloadable","12":"virtual","13":"product-type-simple"},"_links":{"self":[{"href":"https:\/\/hexexist.com\/tr\/wp-json\/wp\/v2\/product\/14044","targetHints":{"allow":["GET"]}}],"collection":[{"href":"https:\/\/hexexist.com\/tr\/wp-json\/wp\/v2\/product"}],"about":[{"href":"https:\/\/hexexist.com\/tr\/wp-json\/wp\/v2\/types\/product"}],"replies":[{"embeddable":true,"href":"https:\/\/hexexist.com\/tr\/wp-json\/wp\/v2\/comments?post=14044"}],"wp:featuredmedia":[{"embeddable":true,"href":"https:\/\/hexexist.com\/tr\/wp-json\/wp\/v2\/media\/13058"}],"wp:attachment":[{"href":"https:\/\/hexexist.com\/tr\/wp-json\/wp\/v2\/media?parent=14044"}],"wp:term":[{"taxonomy":"product_brand","embeddable":true,"href":"https:\/\/hexexist.com\/tr\/wp-json\/wp\/v2\/product_brand?post=14044"},{"taxonomy":"product_cat","embeddable":true,"href":"https:\/\/hexexist.com\/tr\/wp-json\/wp\/v2\/product_cat?post=14044"},{"taxonomy":"product_tag","embeddable":true,"href":"https:\/\/hexexist.com\/tr\/wp-json\/wp\/v2\/product_tag?post=14044"}],"curies":[{"name":"wp","href":"https:\/\/api.w.org\/{rel}","templated":true}]}}